{"id":16,"date":"2021-03-10T11:36:39","date_gmt":"2021-03-10T10:36:39","guid":{"rendered":"http:\/\/dnmade-sepr.fr\/1922\/amandine\/voyage-imaginaire\/colibri-wp\/"},"modified":"2021-04-09T18:07:03","modified_gmt":"2021-04-09T16:07:03","slug":"colibri-wp","status":"publish","type":"page","link":"https:\/\/dnmade-sepr.fr\/1922\/amandine\/voyage-imaginaire\/","title":{"rendered":"Accueil"},"content":{"rendered":"<div data-colibri-id=\"16-c1\" class=\"style-193 style-local-16-c1 position-relative\">\n  <!---->\n  <div data-colibri-component=\"section\" data-colibri-id=\"16-c2\" id=\"overlappable\" class=\"h-section h-section-global-spacing d-flex align-items-lg-center align-items-md-center align-items-center style-414 style-local-16-c2 position-relative\">\n    <!---->\n    <!---->\n    <div class=\"h-section-grid-container h-section-boxed-container\">\n      <!---->\n      <div data-colibri-id=\"16-c3\" class=\"h-row-container gutters-row-lg-2 gutters-row-md-0 gutters-row-2 gutters-row-v-lg-2 gutters-row-v-md-0 gutters-row-v-2 style-415 style-local-16-c3 position-relative\">\n        <!---->\n        <div class=\"h-row justify-content-lg-center justify-content-md-center justify-content-center align-items-lg-stretch align-items-md-stretch align-items-stretch gutters-col-lg-2 gutters-col-md-0 gutters-col-2 gutters-col-v-lg-2 gutters-col-v-md-0 gutters-col-v-2\">\n          <!---->\n          <div class=\"h-column h-column-container d-flex h-col-lg-4 h-col-md-4 h-col-12 style-416-outer style-local-16-c4-outer\">\n            <div data-colibri-id=\"16-c4\" class=\"d-flex h-flex-basis h-column__inner h-px-lg-2 h-px-md-3 h-px-2 v-inner-lg-0 v-inner-md-3 v-inner-2 style-416 style-local-16-c4 position-relative\">\n              <!---->\n              <!---->\n              <div class=\"w-100 h-y-container h-column__content h-column__v-align flex-basis-100 align-self-lg-start align-self-md-start align-self-start\">\n                <!---->\n                <div data-colibri-id=\"16-c5\" class=\"h-icon style-417 style-local-16-c5 position-relative h-element\">\n                  <!----><span class=\"h-svg-icon h-icon__icon style-417-icon style-local-16-c5-icon\"><!--Icon by Icons8 Line Awesome (https:\/\/icons8.com\/line-awesome)--><svg version=\"1.1\" xmlns=\"http:\/\/www.w3.org\/2000\/svg\" xmlns:xlink=\"http:\/\/www.w3.org\/1999\/xlink\" id=\"star-o\" viewBox=\"0 0 512 545.5\"><path d=\"M256 66l14.5 33 52 116.5 127 13.5 36 4-27 24-94.5 85.5 26.5 125 7.5 35-31.5-18-110.5-64-110.5 64-31.5 18 7.5-35 26.5-125L53.5 257l-27-24 36-4 127-13.5 52-116.5zm0 78.5L215 237l-4 8.5-9 1L101.5 257l75 67.5 7 6.5-2 9-21 98.5 87.5-50 8-5 8 5 87.5 50-21-98.5-2-9 7-6.5 75-67.5L310 246.5l-9-1-4-8.5z\"><\/path><\/svg><\/span><\/div>\n                <div\n                  data-colibri-id=\"16-c6\" class=\"h-global-transition-all h-heading style-418 style-local-16-c6 position-relative h-element\">\n                  <!---->\n                  <div class=\"h-heading__outer style-418 style-local-16-c6\">\n                    <!---->\n                    <!---->\n                    <h5 class=\"\">EXCELLENCE&nbsp;<\/h5>\n                  <\/div>\n              <\/div>\n              <div data-colibri-id=\"16-c7\" class=\"h-text h-text-component style-419 style-local-16-c7 position-relative h-element\">\n                <!---->\n                <!---->\n                <div class=\"\">\n                  <p>Lorem ipsum dolor sit amet, consectetur adipiscing elit, sed do eiusmod tempor incididunt ut labore et dolore magna aliqua.<\/p>\n                <\/div>\n              <\/div>\n            <\/div>\n          <\/div>\n        <\/div>\n        <div class=\"h-column h-column-container d-flex h-col-lg-4 h-col-md-4 h-col-12 style-416-outer style-local-16-c8-outer\">\n          <div data-colibri-id=\"16-c8\" class=\"d-flex h-flex-basis h-column__inner h-px-lg-2 h-px-md-3 h-px-2 v-inner-lg-0 v-inner-md-3 v-inner-2 style-416 style-local-16-c8 position-relative\">\n            <!---->\n            <!---->\n            <div class=\"w-100 h-y-container h-column__content h-column__v-align flex-basis-100 align-self-lg-start align-self-md-start align-self-start\">\n              <!---->\n              <div data-colibri-id=\"16-c9\" class=\"h-icon style-417 style-local-16-c9 position-relative h-element\">\n                <!----><span class=\"h-svg-icon h-icon__icon style-417-icon style-local-16-c9-icon\"><!--Icon by Icons8 Line Awesome (https:\/\/icons8.com\/line-awesome)--><svg version=\"1.1\" xmlns=\"http:\/\/www.w3.org\/2000\/svg\" xmlns:xlink=\"http:\/\/www.w3.org\/1999\/xlink\" id=\"clock-o\" viewBox=\"0 0 512 545.5\"><path d=\"M256 96c105.85 0 192 86.15 192 192s-86.15 192-192 192S64 393.85 64 288 150.15 96 256 96zm0 32c-88.555 0-160 71.445-160 160s71.445 160 160 160 160-71.445 160-160-71.445-160-160-160zm-16 32h32v112h80v32H240V160z\"><\/path><\/svg><\/span><\/div>\n              <div\n                data-colibri-id=\"16-c10\" class=\"h-global-transition-all h-heading style-418 style-local-16-c10 position-relative h-element\">\n                <!---->\n                <div class=\"h-heading__outer style-418 style-local-16-c10\">\n                  <!---->\n                  <!---->\n                  <h5 class=\"\">RAPIDITE<\/h5>\n                <\/div>\n            <\/div>\n            <div data-colibri-id=\"16-c11\" class=\"h-text h-text-component style-419 style-local-16-c11 position-relative h-element\">\n              <!---->\n              <!---->\n              <div class=\"\">\n                <p>Lorem ipsum dolor sit amet, consectetur adipiscing elit, sed do eiusmod tempor incididunt ut labore et dolore magna aliqua.<\/p>\n              <\/div>\n            <\/div>\n          <\/div>\n        <\/div>\n      <\/div>\n      <div class=\"h-column h-column-container d-flex h-col-lg-4 h-col-md-4 h-col-12 style-416-outer style-local-16-c12-outer\">\n        <div data-colibri-id=\"16-c12\" class=\"d-flex h-flex-basis h-column__inner h-px-lg-2 h-px-md-3 h-px-2 v-inner-lg-0 v-inner-md-3 v-inner-2 style-416 style-local-16-c12 position-relative\">\n          <!---->\n          <!---->\n          <div class=\"w-100 h-y-container h-column__content h-column__v-align flex-basis-100 align-self-lg-start align-self-md-start align-self-start\">\n            <!---->\n            <div data-colibri-id=\"16-c13\" class=\"h-icon style-417 style-local-16-c13 position-relative h-element\">\n              <!----><span class=\"h-svg-icon h-icon__icon style-417-icon style-local-16-c13-icon\"><!--Icon by Icons8 Line Awesome (https:\/\/icons8.com\/line-awesome)--><svg version=\"1.1\" xmlns=\"http:\/\/www.w3.org\/2000\/svg\" xmlns:xlink=\"http:\/\/www.w3.org\/1999\/xlink\" id=\"smile-o\" viewBox=\"0 0 512 545.5\"><path d=\"M256 96c105.85 0 192 86.15 192 192s-86.15 192-192 192S64 393.85 64 288 150.15 96 256 96zm0 32c-88.555 0-160 71.445-160 160s71.445 160 160 160 160-71.445 160-160-71.445-160-160-160zm-72 96c13.255 0 24 10.745 24 24s-10.745 24-24 24-24-10.745-24-24 10.745-24 24-24zm144 0c13.255 0 24 10.745 24 24s-10.745 24-24 24-24-10.745-24-24 10.745-24 24-24zM173 336c16.62 28.683 47.385 48 83 48s66.38-19.317 83-48l27.5 16c-22.133 38.197-63.267 64-110.5 64s-88.367-25.803-110.5-64z\"><\/path><\/svg><\/span><\/div>\n            <div\n              data-colibri-id=\"16-c14\" class=\"h-global-transition-all h-heading style-418 style-local-16-c14 position-relative h-element\">\n              <!---->\n              <div class=\"h-heading__outer style-418 style-local-16-c14\">\n                <!---->\n                <!---->\n                <h5 class=\"\">CONFIANCE<\/h5>\n              <\/div>\n          <\/div>\n          <div data-colibri-id=\"16-c15\" class=\"h-text h-text-component style-419 style-local-16-c15 position-relative h-element\">\n            <!---->\n            <!---->\n            <div class=\"\">\n              <p>Lorem ipsum dolor sit amet, consectetur adipiscing elit, sed do eiusmod tempor incididunt ut labore et dolore magna aliqua.<\/p>\n            <\/div>\n          <\/div>\n        <\/div>\n      <\/div>\n    <\/div>\n    <div class=\"h-column h-column-container d-flex h-col-lg-4 h-col-md-4 h-col-12 style-445-outer style-local-16-c16-outer\">\n      <div data-colibri-id=\"16-c16\" class=\"d-flex h-flex-basis h-column__inner h-px-lg-2 h-px-md-2 h-px-2 v-inner-lg-2 v-inner-md-2 v-inner-2 style-445 style-local-16-c16 position-relative\">\n        <!---->\n        <!---->\n        <div class=\"w-100 h-y-container h-column__content h-column__v-align flex-basis-100 align-self-lg-start align-self-md-start align-self-start\">\n          <!---->\n          <div data-colibri-id=\"16-c17\" class=\"h-x-container style-446 style-local-16-c17 position-relative h-element\">\n            <!---->\n            <div class=\"h-x-container-inner style-dynamic-16-c17-group style-446-spacing style-local-16-c17-spacing\"><span class=\"h-button__outer style-447-outer style-local-16-c18-outer d-inline-flex h-element\"><a h-use-smooth-scroll=\"true\" href=\"\"  data-colibri-id=\"16-c18\" class=\"d-flex w-100 align-items-center h-button justify-content-lg-center justify-content-md-center justify-content-center style-447 style-local-16-c18 position-relative\"><!----><!----> <span>Nous contacter <\/span><\/a>\n              <\/span>\n            <\/div>\n          <\/div>\n        <\/div>\n      <\/div>\n    <\/div>\n  <\/div>\n<\/div>\n<\/div>\n<\/div>\n<div data-colibri-component=\"section\" data-colibri-id=\"16-c19\" id=\"about-2\" class=\"h-section h-section-global-spacing d-flex align-items-lg-center align-items-md-center align-items-center style-427 style-local-16-c19 position-relative\">\n  <!---->\n  <!---->\n  <div class=\"h-section-grid-container h-section-boxed-container\">\n    <!---->\n    <div data-colibri-id=\"16-c20\" class=\"h-row-container gutters-row-lg-0 gutters-row-md-0 gutters-row-0 gutters-row-v-lg-0 gutters-row-v-md-0 gutters-row-v-0 style-428 style-local-16-c20 position-relative\">\n      <!---->\n      <div class=\"h-row justify-content-lg-center justify-content-md-center justify-content-center align-items-lg-stretch align-items-md-stretch align-items-stretch gutters-col-lg-0 gutters-col-md-0 gutters-col-0 gutters-col-v-lg-0 gutters-col-v-md-0 gutters-col-v-0\">\n        <!---->\n        <div class=\"h-column h-column-container d-flex h-col-lg-auto h-col-md-auto h-col-auto style-429-outer style-local-16-c21-outer\">\n          <div data-colibri-id=\"16-c21\" class=\"d-flex h-flex-basis h-column__inner h-ui-empty-state-container h-px-lg-0 h-px-md-0 h-px-0 v-inner-lg-0 v-inner-md-0 v-inner-0 style-429 style-local-16-c21 position-relative\">\n            <!---->\n            <!---->\n            <div class=\"w-100 h-y-container h-column__content h-column__v-align flex-basis-100\">\n              <!---->\n            <\/div>\n          <\/div>\n        <\/div>\n        <div class=\"h-column h-column-container d-flex h-col-lg-auto h-col-md-auto h-col-auto style-430-outer style-local-16-c22-outer\">\n          <div data-colibri-id=\"16-c22\" class=\"d-flex h-flex-basis h-column__inner h-px-lg-2 h-px-md-2 h-px-2 v-inner-lg-2 v-inner-md-2 v-inner-2 style-430 style-local-16-c22 position-relative\">\n            <!---->\n            <!---->\n            <div class=\"w-100 h-y-container h-column__content h-column__v-align flex-basis-100 align-self-lg-start align-self-md-start align-self-start\">\n              <!---->\n              <div data-colibri-id=\"16-c23\" class=\"h-global-transition-all h-heading style-431 style-local-16-c23 position-relative h-element\">\n                <!---->\n                <div class=\"h-heading__outer style-431 style-local-16-c23\">\n                  <!---->\n                  <!---->\n                  <h5 class=\"\">d\u00e9couvrir<\/h5>\n                <\/div>\n              <\/div>\n              <div data-colibri-id=\"16-c24\" class=\"h-global-transition-all h-heading style-432 style-local-16-c24 position-relative h-element\">\n                <!---->\n                <div class=\"h-heading__outer style-432 style-local-16-c24\">\n                  <!---->\n                  <!---->\n                  <h2 class=\"\"><em style=\"font-family: &quot;Playfair Display&quot;;\">4 \u00e9l\u00e9ments<\/em>&nbsp;<\/h2>\n                <\/div>\n              <\/div>\n              <div data-colibri-id=\"16-c25\" class=\"h-lead h-text h-text-component style-433 style-local-16-c25 position-relative h-element\">\n                <!---->\n                <!---->\n                <div class=\"\">\n                  <p>Laissez vous tenter par l&rsquo;un de nos 4 voyages sur le th\u00e8me des 4 \u00e9l\u00e9ments.<\/p>\n                  <p>D\u00e9couvrez Air, Terre, Mer, ou encore Feu.&nbsp;<\/p>\n                  <p>Lorem ipsum dolor sit amet, consectetur adipisicing elit, sed do eiusmod tempor incididunt ut labore et dolore magna aliqua. <\/p>\n                <\/div>\n              <\/div>\n            <\/div>\n          <\/div>\n        <\/div>\n      <\/div>\n    <\/div>\n  <\/div>\n<\/div>\n<div data-colibri-component=\"section\" data-colibri-id=\"16-c26\" id=\"custom-3\" class=\"h-section h-section-global-spacing d-flex align-items-lg-center align-items-md-center align-items-center style-438 style-local-16-c26 position-relative\">\n  <!---->\n  <!---->\n  <div class=\"h-section-grid-container h-section-boxed-container\">\n    <!---->\n    <div data-colibri-id=\"16-c27\" class=\"h-row-container gutters-row-lg-2 gutters-row-md-2 gutters-row-0 gutters-row-v-lg-2 gutters-row-v-md-2 gutters-row-v-2 style-439 style-local-16-c27 position-relative\">\n      <!---->\n      <div class=\"h-row justify-content-lg-center justify-content-md-center justify-content-center align-items-lg-stretch align-items-md-stretch align-items-stretch gutters-col-lg-2 gutters-col-md-2 gutters-col-0 gutters-col-v-lg-2 gutters-col-v-md-2 gutters-col-v-2\">\n        <!---->\n        <div class=\"h-column h-column-container d-flex h-col-lg-auto h-col-md-auto h-col-auto style-440-outer style-local-16-c28-outer\">\n          <div data-colibri-id=\"16-c28\" class=\"d-flex h-flex-basis h-column__inner h-px-lg-2 h-px-md-2 h-px-2 v-inner-lg-2 v-inner-md-2 v-inner-2 style-440 style-local-16-c28 position-relative\">\n            <!---->\n            <!---->\n            <div class=\"w-100 h-y-container h-column__content h-column__v-align flex-basis-100 align-self-lg-start align-self-md-start align-self-start\">\n              <!---->\n              <div data-colibri-id=\"16-c29\" class=\"h-global-transition-all h-heading style-441 style-local-16-c29 position-relative h-element\">\n                <!---->\n                <div class=\"h-heading__outer style-441 style-local-16-c29\">\n                  <!---->\n                  <!---->\n                  <h1 class=\"\">\u00ab\u00a0Une agence \u00e0 l&rsquo;\u00e9coute, rapide et professionnelle. J&rsquo;ai pass\u00e9 un merveilleux s\u00e9jour grace \u00e0 eux. Merci \u00ab\u00a0<\/h1>\n                <\/div>\n              <\/div>\n            <\/div>\n          <\/div>\n        <\/div>\n      <\/div>\n    <\/div>\n    <div data-colibri-id=\"16-c30\" class=\"h-row-container gutters-row-lg-2 gutters-row-md-2 gutters-row-0 gutters-row-v-lg-2 gutters-row-v-md-2 gutters-row-v-2 style-442 style-local-16-c30 position-relative\">\n      <!---->\n      <div class=\"h-row justify-content-lg-center justify-content-md-center justify-content-center align-items-lg-stretch align-items-md-stretch align-items-stretch gutters-col-lg-2 gutters-col-md-2 gutters-col-0 gutters-col-v-lg-2 gutters-col-v-md-2 gutters-col-v-2\">\n        <!---->\n        <div class=\"h-column h-column-container d-flex h-col-lg-auto h-col-md-auto h-col-auto style-443-outer style-local-16-c31-outer\">\n          <div data-colibri-id=\"16-c31\" class=\"d-flex h-flex-basis h-column__inner h-px-lg-2 h-px-md-2 h-px-2 v-inner-lg-2 v-inner-md-2 v-inner-2 style-443 style-local-16-c31 position-relative\">\n            <!---->\n            <!---->\n            <div class=\"w-100 h-y-container h-column__content h-column__v-align flex-basis-100 align-self-lg-start align-self-md-start align-self-start\">\n              <!---->\n              <div data-colibri-id=\"16-c32\" class=\"h-text h-text-component style-444 style-local-16-c32 position-relative h-element\">\n                <!---->\n                <!---->\n                <div class=\"\">\n                  <p>JESSICA ROMAN <\/p>\n                <\/div>\n              <\/div>\n            <\/div>\n          <\/div>\n        <\/div>\n      <\/div>\n    <\/div>\n  <\/div>\n<\/div>\n<div data-colibri-component=\"section\" data-colibri-id=\"16-c33\" id=\"custom-2\" class=\"h-section h-section-global-spacing d-flex align-items-lg-center align-items-md-center align-items-center style-596 style-local-16-c33 position-relative\">\n  <!---->\n  <!---->\n  <div class=\"h-section-grid-container h-section-boxed-container\">\n    <!---->\n    <div data-colibri-id=\"16-c34\" class=\"h-row-container gutters-row-lg-2 gutters-row-md-2 gutters-row-0 gutters-row-v-lg-2 gutters-row-v-md-2 gutters-row-v-2 style-597 style-local-16-c34 position-relative\">\n      <!---->\n      <div class=\"h-row justify-content-lg-center justify-content-md-center justify-content-center align-items-lg-stretch align-items-md-stretch align-items-stretch gutters-col-lg-2 gutters-col-md-2 gutters-col-0 gutters-col-v-lg-2 gutters-col-v-md-2 gutters-col-v-2\">\n        <!---->\n        <div class=\"h-column h-column-container d-flex h-col-lg-auto h-col-md-auto h-col-auto style-598-outer style-local-16-c35-outer\">\n          <div data-colibri-id=\"16-c35\" class=\"d-flex h-flex-basis h-column__inner h-px-lg-2 h-px-md-2 h-px-2 v-inner-lg-2 v-inner-md-2 v-inner-2 style-598 style-local-16-c35 position-relative\">\n            <!---->\n            <!---->\n            <div class=\"w-100 h-y-container h-column__content h-column__v-align flex-basis-100 align-self-lg-start align-self-md-start align-self-start\">\n              <!---->\n              <div data-colibri-id=\"16-c36\" class=\"style-600 style-local-16-c36 position-relative h-element\">\n                <!---->\n                <div class=\"d-flex flex-wrap h-social-icons justify-content-lg-center justify-content-md-center justify-content-center\">\n                  <div class=\"social-icon-container d-inline-flex\">\n                    <div class=\"icon-container h-social-icon h-global-transition\">\n                      <div class=\"h-icon-svg\" style=\"width: 100%; height: 100%;\">\n                        <!--Icon by Font Awesome (https:\/\/fontawesome.com)-->\n                        <svg version=\"1.1\" xmlns=\"http:\/\/www.w3.org\/2000\/svg\" xmlns:xlink=\"http:\/\/www.w3.org\/1999\/xlink\" id=\"facebook-square\" viewBox=\"0 0 1536 1896.0833\">\n                          <path d=\"M1248 128q119 0 203.5 84.5T1536 416v960q0 119-84.5 203.5T1248 1664h-188v-595h199l30-232h-229V689q0-56 23.5-84t91.5-28l122-1V369q-63-9-178-9-136 0-217.5 80T820 666v171H620v232h200v595H288q-119 0-203.5-84.5T0 1376V416q0-119 84.5-203.5T288 128h960z\"><\/path>\n                        <\/svg>\n                      <\/div>\n                    <\/div>\n                  <\/div>\n                  <div class=\"social-icon-container d-inline-flex\">\n                    <div class=\"icon-container h-social-icon h-global-transition\">\n                      <div class=\"h-icon-svg\" style=\"width: 100%; height: 100%;\">\n                        <!--Icon by Font Awesome (https:\/\/fontawesome.com)-->\n                        <svg version=\"1.1\" xmlns=\"http:\/\/www.w3.org\/2000\/svg\" xmlns:xlink=\"http:\/\/www.w3.org\/1999\/xlink\" id=\"instagram\" viewBox=\"0 0 1536 1896.0833\">\n                          <path d=\"M1024 896q0-106-75-181t-181-75-181 75-75 181 75 181 181 75 181-75 75-181zm138 0q0 164-115 279t-279 115-279-115-115-279 115-279 279-115 279 115 115 279zm108-410q0 38-27 65t-65 27-65-27-27-65 27-65 65-27 65 27 27 65zM768 266q-7 0-76.5-.5t-105.5 0-96.5 3-103 10T315 297q-50 20-88 58t-58 88q-11 29-18.5 71.5t-10 103-3 96.5 0 105.5.5 76.5-.5 76.5 0 105.5 3 96.5 10 103T169 1349q20 50 58 88t88 58q29 11 71.5 18.5t103 10 96.5 3 105.5 0 76.5-.5 76.5.5 105.5 0 96.5-3 103-10 71.5-18.5q50-20 88-58t58-88q11-29 18.5-71.5t10-103 3-96.5 0-105.5-.5-76.5.5-76.5 0-105.5-3-96.5-10-103T1367 443q-20-50-58-88t-88-58q-29-11-71.5-18.5t-103-10-96.5-3-105.5 0-76.5.5zm768 630q0 229-5 317-10 208-124 322t-322 124q-88 5-317 5t-317-5q-208-10-322-124T5 1213q-5-88-5-317t5-317q10-208 124-322t322-124q88-5 317-5t317 5q208 10 322 124t124 322q5 88 5 317z\"><\/path>\n                        <\/svg>\n                      <\/div>\n                    <\/div>\n                  <\/div>\n                  <div class=\"social-icon-container d-inline-flex\">\n                    <div class=\"icon-container h-social-icon h-global-transition\">\n                      <div class=\"h-icon-svg\" style=\"width: 100%; height: 100%;\">\n                        <!--Icon by Font Awesome (https:\/\/fontawesome.com)-->\n                        <svg version=\"1.1\" xmlns=\"http:\/\/www.w3.org\/2000\/svg\" xmlns:xlink=\"http:\/\/www.w3.org\/1999\/xlink\" id=\"envelope-square\" viewBox=\"0 0 1536 1896.0833\">\n                          <path d=\"M1248 128q119 0 203.5 84.5T1536 416v960q0 119-84.5 203.5T1248 1664H288q-119 0-203.5-84.5T0 1376V416q0-119 84.5-203.5T288 128h960zm32 1056V748q-31 35-64 55-34 22-132.5 85T932 987q-98 69-164 69t-164-69q-47-32-142-92.5T320 802q-12-8-33-27t-31-27v436q0 40 28 68t68 28h832q40 0 68-28t28-68zm0-573q0-41-27.5-70t-68.5-29H352q-40 0-68 28t-28 68q0 37 30.5 76.5T354 749q47 32 137.5 89T621 921q3 2 17 11.5t21 14 21 13 23.5 13T725 982t22.5 7.5T768 992t20.5-2.5T811 982t21.5-9.5 23.5-13 21-13 21-14 17-11.5l267-174q35-23 66.5-62.5T1280 611z\"><\/path>\n                        <\/svg>\n                      <\/div>\n                    <\/div>\n                  <\/div>\n                  <div class=\"social-icon-container d-inline-flex\">\n                    <div class=\"icon-container h-social-icon h-global-transition\">\n                      <div class=\"h-icon-svg\" style=\"width: 100%; height: 100%;\">\n                        <!--Icon by Font Awesome (https:\/\/fontawesome.com)-->\n                        <svg version=\"1.1\" xmlns=\"http:\/\/www.w3.org\/2000\/svg\" xmlns:xlink=\"http:\/\/www.w3.org\/1999\/xlink\" id=\"phone-square\" viewBox=\"0 0 1536 1896.0833\">\n                          <path d=\"M1280 1193q0-11-2-16t-18-16.5-40.5-25-47.5-26.5-45.5-25-28.5-15q-5-3-19-13t-25-15-21-5q-15 0-36.5 20.5t-39.5 45-38.5 45T885 1167q-7 0-16.5-3.5T853 1157t-17-9.5-14-8.5q-99-55-170-126.5T525 842q-2-3-8.5-14t-9.5-17-6.5-15.5T497 779q0-13 20.5-33.5t45-38.5 45-39.5T628 631q0-10-5-21t-15-25-13-19q-3-6-15-28.5T555 492t-26.5-47.5-25-40.5-16.5-18-16-2q-48 0-101 22-46 21-80 94.5T256 631q0 16 2.5 34t5 30.5 9 33 10 29.5 12.5 33 11 30q60 164 216.5 320.5T843 1358q6 2 30 11t33 12.5 29.5 10 33 9 30.5 5 34 2.5q57 0 130.5-34t94.5-80q22-53 22-101zm256-777v960q0 119-84.5 203.5T1248 1664H288q-119 0-203.5-84.5T0 1376V416q0-119 84.5-203.5T288 128h960q119 0 203.5 84.5T1536 416z\"><\/path>\n                        <\/svg>\n                      <\/div>\n                    <\/div>\n                  <\/div>\n                <\/div>\n              <\/div>\n            <\/div>\n          <\/div>\n        <\/div>\n      <\/div>\n    <\/div>\n  <\/div>\n<\/div>\n<\/div>","protected":false},"excerpt":{"rendered":"<p>EXCELLENCE&nbsp; Lorem ipsum dolor sit amet, consectetur adipiscing elit, sed do eiusmod tempor incididunt ut labore et dolore magna aliqua. RAPIDITE Lorem ipsum dolor sit amet, consectetur adipiscing elit, sed do eiusmod tempor incididunt ut labore et dolore magna aliqua. CONFIANCE Lorem ipsum dolor sit amet, consectetur adipiscing elit, sed do eiusmod tempor incididunt ut [&hellip;]<\/p>\n","protected":false},"author":1,"featured_media":0,"parent":0,"menu_order":0,"comment_status":"closed","ping_status":"closed","template":"page-templates\/homepage.php","meta":{"footnotes":""},"class_list":["post-16","page","type-page","status-publish","hentry"],"_links":{"self":[{"href":"https:\/\/dnmade-sepr.fr\/1922\/amandine\/voyage-imaginaire\/wp-json\/wp\/v2\/pages\/16","targetHints":{"allow":["GET"]}}],"collection":[{"href":"https:\/\/dnmade-sepr.fr\/1922\/amandine\/voyage-imaginaire\/wp-json\/wp\/v2\/pages"}],"about":[{"href":"https:\/\/dnmade-sepr.fr\/1922\/amandine\/voyage-imaginaire\/wp-json\/wp\/v2\/types\/page"}],"author":[{"embeddable":true,"href":"https:\/\/dnmade-sepr.fr\/1922\/amandine\/voyage-imaginaire\/wp-json\/wp\/v2\/users\/1"}],"replies":[{"embeddable":true,"href":"https:\/\/dnmade-sepr.fr\/1922\/amandine\/voyage-imaginaire\/wp-json\/wp\/v2\/comments?post=16"}],"version-history":[{"count":21,"href":"https:\/\/dnmade-sepr.fr\/1922\/amandine\/voyage-imaginaire\/wp-json\/wp\/v2\/pages\/16\/revisions"}],"predecessor-version":[{"id":690,"href":"https:\/\/dnmade-sepr.fr\/1922\/amandine\/voyage-imaginaire\/wp-json\/wp\/v2\/pages\/16\/revisions\/690"}],"wp:attachment":[{"href":"https:\/\/dnmade-sepr.fr\/1922\/amandine\/voyage-imaginaire\/wp-json\/wp\/v2\/media?parent=16"}],"curies":[{"name":"wp","href":"https:\/\/api.w.org\/{rel}","templated":true}]}}