{"id":93,"date":"2021-03-10T11:50:02","date_gmt":"2021-03-10T10:50:02","guid":{"rendered":"http:\/\/dnmade-sepr.fr\/1922\/amandine\/voyage-imaginaire\/?page_id=93"},"modified":"2021-04-09T18:05:38","modified_gmt":"2021-04-09T16:05:38","slug":"air","status":"publish","type":"page","link":"https:\/\/dnmade-sepr.fr\/1922\/amandine\/voyage-imaginaire\/air\/","title":{"rendered":"air"},"content":{"rendered":"<div data-colibri-id=\"93-c1\" class=\"style-448 style-local-93-c1 position-relative\">\n  <!---->\n  <div data-colibri-component=\"section\" data-colibri-id=\"93-c2\" id=\"about-2\" class=\"h-section h-section-global-spacing d-flex align-items-lg-center align-items-md-center align-items-center style-496 style-local-93-c2 position-relative\">\n    <!---->\n    <!---->\n    <div class=\"h-section-grid-container h-section-boxed-container\">\n      <div data-colibri-id=\"93-c7\" class=\"h-row-container gutters-row-lg-2 gutters-row-md-2 gutters-row-2 gutters-row-v-lg-2 gutters-row-v-md-2 gutters-row-v-2 style-501 style-local-93-c7 position-relative\">\n        <!---->\n        <div class=\"h-row justify-content-lg-center justify-content-md-center justify-content-center align-items-lg-stretch align-items-md-stretch align-items-stretch gutters-col-lg-2 gutters-col-md-2 gutters-col-2 gutters-col-v-lg-2 gutters-col-v-md-2 gutters-col-v-2\">\n          <!---->\n          <div class=\"h-column h-column-container d-flex h-col-lg-auto h-col-md-auto h-col-auto style-502-outer style-local-93-c8-outer\">\n            <div data-colibri-id=\"93-c8\" class=\"d-flex h-flex-basis h-column__inner h-px-lg-2 h-px-md-2 h-px-2 v-inner-lg-2 v-inner-md-2 v-inner-2 style-502 style-local-93-c8 position-relative\">\n              <!---->\n              <!---->\n              <div class=\"w-100 h-y-container h-column__content h-column__v-align flex-basis-100 align-self-lg-start align-self-md-start align-self-start\">\n                <!---->\n                <div data-colibri-id=\"93-c9\" class=\"h-global-transition-all h-heading style-503 style-local-93-c9 position-relative h-element\">\n                  <!---->\n                  <div class=\"h-heading__outer style-503 style-local-93-c9\">\n                    <!---->\n                    <!---->\n                    <h5 class=\"\">VOYAGE DANS LES AIRS<\/h5>\n                  <\/div>\n                <\/div>\n                <div data-colibri-id=\"93-c10\" class=\"h-global-transition-all h-heading style-504 style-local-93-c10 position-relative h-element\">\n                  <!---->\n                  <div class=\"h-heading__outer style-504 style-local-93-c10\">\n                    <!---->\n                    <!---->\n                    <h2 class=\"\">Lorem ipsum dolor&nbsp;function&nbsp;and <em style=\"color: rgb(3, 169, 244); font-family: &quot;Playfair Display&quot;;\">funta<\/em>&nbsp;hum vinemor<\/h2>\n                  <\/div>\n                <\/div>\n                <div data-colibri-id=\"93-c11\" class=\"h-lead h-text h-text-component style-505 style-local-93-c11 position-relative h-element\">\n                  <!---->\n                  <!---->\n                  <div class=\"\">\n                    <p>Lorem ipsum dolor sit amet, at mei dolore tritani repudiandae. In his nemore temporibus consequuntur, vim ad prima vivendum consetetur.&nbsp;<span style=\"font-weight: 300; font-size: 20px; font-family: &quot;Open Sans&quot;; color: rgb(60, 65, 84);\">Lorem ipsum dolor sit ame.<\/span><\/p>\n                  <\/div>\n                <\/div>\n              <\/div>\n            <\/div>\n          <\/div>\n        <\/div>\n      <\/div>\n      <div data-colibri-id=\"93-c3\" class=\"h-row-container gutters-row-lg-0 gutters-row-md-0 gutters-row-0 gutters-row-v-lg-0 gutters-row-v-md-0 gutters-row-v-0 style-497 style-local-93-c3 h-overflow-hidden position-relative\">\n        <!---->\n        <div class=\"h-row justify-content-lg-center justify-content-md-center justify-content-center align-items-lg-end align-items-md-end align-items-end gutters-col-lg-0 gutters-col-md-0 gutters-col-0 gutters-col-v-lg-0 gutters-col-v-md-0 gutters-col-v-0\">\n          <!---->\n          <div class=\"h-column h-column-container d-flex h-col-lg-auto h-col-md-auto h-col-auto align-self-lg-end align-self-md-end align-self-end style-498-outer style-local-93-c4-outer\">\n            <div data-colibri-id=\"93-c4\" class=\"d-flex h-flex-basis h-column__inner h-ui-empty-state-container h-px-lg-0 h-px-md-0 h-px-0 v-inner-lg-0 v-inner-md-0 v-inner-0 style-498 style-local-93-c4 position-relative\">\n              <!---->\n              <!---->\n              <div class=\"w-100 h-y-container h-column__content h-column__v-align flex-basis-100\">\n                <!---->\n              <\/div>\n            <\/div>\n          <\/div>\n          <div class=\"h-column h-column-container d-flex h-col-lg-auto h-col-md-auto h-col-auto align-self-lg-end align-self-md-end align-self-end style-499-outer style-local-93-c5-outer\">\n            <div data-colibri-id=\"93-c5\" class=\"d-flex h-flex-basis h-column__inner h-ui-empty-state-container h-px-lg-0 h-px-md-0 h-px-0 v-inner-lg-0 v-inner-md-0 v-inner-0 style-499 style-local-93-c5 position-relative\">\n              <!---->\n              <!---->\n              <div class=\"w-100 h-y-container h-column__content h-column__v-align flex-basis-100\">\n                <!---->\n              <\/div>\n            <\/div>\n          <\/div>\n          <div class=\"h-column h-column-container d-flex h-col-lg-auto h-col-md-auto h-col-auto align-self-lg-end align-self-md-end align-self-end style-500-outer style-local-93-c6-outer\">\n            <div data-colibri-id=\"93-c6\" class=\"d-flex h-flex-basis h-column__inner h-ui-empty-state-container h-px-lg-0 h-px-md-0 h-px-0 v-inner-lg-0 v-inner-md-0 v-inner-0 style-500 style-local-93-c6 position-relative\">\n              <!---->\n              <!---->\n              <div class=\"w-100 h-y-container h-column__content h-column__v-align flex-basis-100\">\n                <!---->\n              <\/div>\n            <\/div>\n          <\/div>\n        <\/div>\n      <\/div>\n    <\/div>\n  <\/div>\n  <div data-colibri-component=\"section\" data-colibri-id=\"93-c12\" id=\"custom\" class=\"h-section h-section-global-spacing d-flex align-items-lg-center align-items-md-center align-items-center style-508 style-local-93-c12 position-relative\">\n    <!---->\n    <!---->\n    <div class=\"h-section-grid-container h-section-boxed-container\">\n      <!---->\n      <div data-colibri-id=\"93-c13\" class=\"h-row-container gutters-row-lg-2 gutters-row-md-2 gutters-row-0 gutters-row-v-lg-2 gutters-row-v-md-2 gutters-row-v-2 style-509 style-local-93-c13 position-relative\">\n        <!---->\n        <div class=\"h-row justify-content-lg-center justify-content-md-center justify-content-center align-items-lg-stretch align-items-md-stretch align-items-stretch gutters-col-lg-2 gutters-col-md-2 gutters-col-0 gutters-col-v-lg-2 gutters-col-v-md-2 gutters-col-v-2\">\n          <!---->\n          <div class=\"h-column h-column-container d-flex h-col-lg-auto h-col-md-auto h-col-auto style-510-outer style-local-93-c14-outer\">\n            <div data-colibri-id=\"93-c14\" class=\"d-flex h-flex-basis h-column__inner h-ui-empty-state-container h-px-lg-2 h-px-md-2 h-px-2 v-inner-lg-2 v-inner-md-2 v-inner-2 style-510 style-local-93-c14 position-relative\">\n              <!---->\n              <!---->\n              <div class=\"w-100 h-y-container h-column__content h-column__v-align flex-basis-100\">\n                <!---->\n              <\/div>\n            <\/div>\n          <\/div>\n        <\/div>\n      <\/div>\n    <\/div>\n  <\/div>\n  <div data-colibri-component=\"section\" data-colibri-id=\"93-c15\" id=\"overlappable\" class=\"h-section h-section-global-spacing d-flex align-items-lg-center align-items-md-center align-items-center style-511 style-local-93-c15 position-relative\">\n    <!---->\n    <!---->\n    <div class=\"h-section-grid-container h-section-boxed-container\">\n      <!---->\n      <div data-colibri-id=\"93-c16\" class=\"h-row-container gutters-row-lg-0 gutters-row-md-0 gutters-row-2 gutters-row-v-lg-0 gutters-row-v-md-0 gutters-row-v-2 style-512 style-local-93-c16 position-relative\">\n        <!---->\n        <div class=\"h-row justify-content-lg-center justify-content-md-center justify-content-center align-items-lg-stretch align-items-md-stretch align-items-stretch gutters-col-lg-0 gutters-col-md-0 gutters-col-2 gutters-col-v-lg-0 gutters-col-v-md-0 gutters-col-v-2\">\n          <!---->\n          <div class=\"h-column h-column-container d-flex h-col-lg-4 h-col-md-4 h-col-12 style-513-outer style-local-93-c17-outer\">\n            <div data-colibri-id=\"93-c17\" class=\"d-flex h-flex-basis h-column__inner h-px-lg-3 h-px-md-3 h-px-2 v-inner-lg-3 v-inner-md-3 v-inner-2 style-513 style-local-93-c17 position-relative\">\n              <!---->\n              <!---->\n              <div class=\"w-100 h-y-container h-column__content h-column__v-align flex-basis-100 align-self-lg-start align-self-md-start align-self-start\">\n                <!---->\n                <div data-colibri-id=\"93-c18\" class=\"h-icon style-514 style-local-93-c18 position-relative h-element\">\n                  <!----><span class=\"h-svg-icon h-icon__icon style-514-icon style-local-93-c18-icon\"><!--Icon by Icons8 Line Awesome (https:\/\/icons8.com\/line-awesome)--><svg version=\"1.1\" xmlns=\"http:\/\/www.w3.org\/2000\/svg\" xmlns:xlink=\"http:\/\/www.w3.org\/1999\/xlink\" id=\"bell-slash\" viewBox=\"0 0 512 545.5\"><path d=\"M59.5 68.5L154 163c3.94-5.214 8.207-10.355 13-15 16.3-15.843 36.088-26.578 57.5-32-.166-1.32-.5-2.636-.5-4 0-17.673 14.327-32 32-32s32 14.327 32 32c0 1.533-.29 3.024-.5 4.5 55.188 14.724 96.5 66.765 96.5 128V384c0 8.832 7.168 16 16 16h16v25l59.5 59.5-23 23-416-416zM249 144c-22.561 1.533-43.55 11.026-60 27-4.672 4.53-8.42 9.765-12 15l175 175V244.5c0-53.968-41.704-98.964-93-100.5-3.276-.103-6.777-.22-10 0zm-120.5 84l31.5 31v125c0 5.632-1.208 10.976-3 16h144l32 32h-32c1.828 5.052 3 10.352 3 16 0 26.32-21.68 48-48 48s-48-21.68-48-48c0-5.647 1.172-10.948 3-16H96v-32h16c8.832 0 16-7.168 16-16V240c0-4.096.116-7.968.5-12zM256 432c-9.026 0-16 6.974-16 16s6.974 16 16 16 16-6.974 16-16-6.974-16-16-16z\"><\/path><\/svg><\/span><\/div>\n                <div\n                  data-colibri-id=\"93-c19\" class=\"h-global-transition-all h-heading style-515 style-local-93-c19 position-relative h-element\">\n                  <!---->\n                  <div class=\"h-heading__outer style-515 style-local-93-c19\">\n                    <!---->\n                    <!---->\n                    <h5 class=\"\">DECONNECTEZ VOUS<\/h5>\n                  <\/div>\n              <\/div>\n              <div data-colibri-id=\"93-c20\" class=\"h-text h-text-component style-516 style-local-93-c20 position-relative h-element\">\n                <!---->\n                <!---->\n                <div class=\"\">\n                  <p>Lorem ipsum dolor sit amet, consectetur adipiscing elit, sed do eiusmod tempor incididunt ut labore et dolore magna aliqua.&nbsp;<\/p>\n                <\/div>\n              <\/div>\n            <\/div>\n          <\/div>\n        <\/div>\n        <div class=\"h-column h-column-container d-flex h-col-lg-4 h-col-md-4 h-col-12 style-513-outer style-local-93-c21-outer\">\n          <div data-colibri-id=\"93-c21\" class=\"d-flex h-flex-basis h-column__inner h-px-lg-3 h-px-md-3 h-px-2 v-inner-lg-3 v-inner-md-3 v-inner-2 style-513 style-local-93-c21 position-relative\">\n            <!---->\n            <!---->\n            <div class=\"w-100 h-y-container h-column__content h-column__v-align flex-basis-100 align-self-lg-start align-self-md-start align-self-start\">\n              <!---->\n              <div data-colibri-id=\"93-c22\" class=\"h-icon style-514 style-local-93-c22 position-relative h-element\">\n                <!----><span class=\"h-svg-icon h-icon__icon style-514-icon style-local-93-c22-icon\"><!--Icon by Icons8 Line Awesome (https:\/\/icons8.com\/line-awesome)--><svg version=\"1.1\" xmlns=\"http:\/\/www.w3.org\/2000\/svg\" xmlns:xlink=\"http:\/\/www.w3.org\/1999\/xlink\" id=\"heart-o\" viewBox=\"0 0 512 545.5\"><path d=\"M152 112c54.92 0 90.318 33.06 104 47 13.682-13.94 49.08-47 104-47 66.205 0 120 54.456 120 120 0 45.718-39.5 80.5-39.5 80.5L267.5 486 256 497.5 244.5 486l-173-173.5S61.602 303.326 52 289s-20-34.147-20-57c0-65.544 53.795-120 120-120zm0 32c-48.675 0-88 39.943-88 88 0 12.347 6.767 27.462 14.5 39S94 290 94 290l162 162 162-162s30-33.286 30-58c0-48.057-39.325-88-88-88-47.783 0-92 46.5-92 46.5L256 204l-12-13.5S199.783 144 152 144z\"><\/path><\/svg><\/span><\/div>\n              <div\n                data-colibri-id=\"93-c23\" class=\"h-global-transition-all h-heading style-515 style-local-93-c23 position-relative h-element\">\n                <!---->\n                <div class=\"h-heading__outer style-515 style-local-93-c23\">\n                  <!---->\n                  <!---->\n                  <h5 class=\"\">PROFITEZ&nbsp;<\/h5>\n                <\/div>\n            <\/div>\n            <div data-colibri-id=\"93-c24\" class=\"h-text h-text-component style-516 style-local-93-c24 position-relative h-element\">\n              <!---->\n              <!---->\n              <div class=\"\">\n                <p>Lorem ipsum dolor sit amet, consectetur adipiscing elit, sed do eiusmod tempor incididunt ut labore et dolore magna aliqua.&nbsp;<\/p>\n              <\/div>\n            <\/div>\n          <\/div>\n        <\/div>\n      <\/div>\n      <div class=\"h-column h-column-container d-flex h-col-lg-4 h-col-md-4 h-col-12 style-513-outer style-local-93-c25-outer\">\n        <div data-colibri-id=\"93-c25\" class=\"d-flex h-flex-basis h-column__inner h-px-lg-3 h-px-md-3 h-px-2 v-inner-lg-3 v-inner-md-3 v-inner-2 style-513 style-local-93-c25 position-relative\">\n          <!---->\n          <!---->\n          <div class=\"w-100 h-y-container h-column__content h-column__v-align flex-basis-100 align-self-lg-start align-self-md-start align-self-start\">\n            <!---->\n            <div data-colibri-id=\"93-c26\" class=\"h-icon style-514 style-local-93-c26 position-relative h-element\">\n              <!----><span class=\"h-svg-icon h-icon__icon style-514-icon style-local-93-c26-icon\"><!--Icon by Icons8 Line Awesome (https:\/\/icons8.com\/line-awesome)--><svg version=\"1.1\" xmlns=\"http:\/\/www.w3.org\/2000\/svg\" xmlns:xlink=\"http:\/\/www.w3.org\/1999\/xlink\" id=\"cloud\" viewBox=\"0 0 512 545.5\"><path d=\"M256 112c39.222 0 73.015 20.827 93 51.5 6.267-1.418 12.082-3.5 19-3.5 52.826 0 96 43.174 96 96 27.675 16.876 48 45.357 48 80 0 52.826-43.174 96-96 96H96c-52.826 0-96-43.174-96-96s43.174-96 96-96c3.374 0 6.297.643 9.5 1 8.5-19.06 23.02-33.326 42.5-41 11.172-50.066 54.71-88 108-88zm0 32c-40.353 0-73.304 29.382-79 68l-1.5 11-10.5 2.5c-17.76 4.236-32.037 18.174-36 36l-3 15.5-16-3.5c-4.768-1.074-9.343-1.5-14-1.5-35.526 0-64 28.474-64 64s28.474 64 64 64h320c35.526 0 64-28.474 64-64 0-26.587-16.146-49.242-39-59l-10.5-4.5 1-11.5c.28-3.752.5-5.144.5-5 0-35.526-28.474-64-64-64-7.11 0-14.007 1.543-21 4l-13.5 4.5-6-12.5c-13.19-26.09-40.168-44-71.5-44z\"><\/path><\/svg><\/span><\/div>\n            <div\n              data-colibri-id=\"93-c27\" class=\"h-global-transition-all h-heading style-515 style-local-93-c27 position-relative h-element\">\n              <!---->\n              <div class=\"h-heading__outer style-515 style-local-93-c27\">\n                <!---->\n                <!---->\n                <h5 class=\"\">Laissez vous porter<\/h5>\n              <\/div>\n          <\/div>\n          <div data-colibri-id=\"93-c28\" class=\"h-text h-text-component style-516 style-local-93-c28 position-relative h-element\">\n            <!---->\n            <!---->\n            <div class=\"\">\n              <p>Lorem ipsum dolor sit amet, consectetur adipiscing elit, sed do eiusmod tempor incididunt ut labore et dolore magna aliqua.&nbsp;<\/p>\n            <\/div>\n          <\/div>\n        <\/div>\n      <\/div>\n    <\/div>\n  <\/div>\n<\/div>\n<\/div>\n<\/div>\n<div data-colibri-component=\"section\" data-colibri-id=\"93-c29\" id=\"custom-2\" class=\"h-section h-section-global-spacing d-flex align-items-lg-center align-items-md-center align-items-center style-601 style-local-93-c29 position-relative\">\n  <!---->\n  <!---->\n  <div class=\"h-section-grid-container h-section-boxed-container\">\n    <!---->\n    <div data-colibri-id=\"93-c30\" class=\"h-row-container gutters-row-lg-2 gutters-row-md-2 gutters-row-0 gutters-row-v-lg-2 gutters-row-v-md-2 gutters-row-v-2 style-602 style-local-93-c30 position-relative\">\n      <!---->\n      <div class=\"h-row justify-content-lg-center justify-content-md-center justify-content-center align-items-lg-stretch align-items-md-stretch align-items-stretch gutters-col-lg-2 gutters-col-md-2 gutters-col-0 gutters-col-v-lg-2 gutters-col-v-md-2 gutters-col-v-2\">\n        <!---->\n        <div class=\"h-column h-column-container d-flex h-col-lg-auto h-col-md-auto h-col-auto style-603-outer style-local-93-c31-outer\">\n          <div data-colibri-id=\"93-c31\" class=\"d-flex h-flex-basis h-column__inner h-px-lg-2 h-px-md-2 h-px-2 v-inner-lg-2 v-inner-md-2 v-inner-2 style-603 style-local-93-c31 position-relative\">\n            <!---->\n            <!---->\n            <div class=\"w-100 h-y-container h-column__content h-column__v-align flex-basis-100 align-self-lg-start align-self-md-start align-self-start\">\n              <!---->\n              <div data-colibri-id=\"93-c32\" class=\"h-text h-text-component style-604 style-local-93-c32 position-relative h-element\">\n                <!---->\n                <!---->\n                <div class=\"\">\n                  <p>\u00a9 SOGNI &#8211; Confidentialit\u00e9 &#8211; Conditions g\u00e9n\u00e9rales &#8211; Plan du site&nbsp;<\/p>\n                <\/div>\n              <\/div>\n            <\/div>\n          <\/div>\n        <\/div>\n      <\/div>\n    <\/div>\n    <div data-colibri-id=\"93-c36\" class=\"h-row-container gutters-row-lg-2 gutters-row-md-2 gutters-row-0 gutters-row-v-lg-2 gutters-row-v-md-2 gutters-row-v-2 style-610 style-local-93-c36 position-relative\">\n      <!---->\n      <div class=\"h-row justify-content-lg-center justify-content-md-center justify-content-center align-items-lg-stretch align-items-md-stretch align-items-stretch gutters-col-lg-2 gutters-col-md-2 gutters-col-0 gutters-col-v-lg-2 gutters-col-v-md-2 gutters-col-v-2\">\n        <!---->\n        <div class=\"h-column h-column-container d-flex h-col-lg-auto h-col-md-auto h-col-auto style-611-outer style-local-93-c37-outer\">\n          <div data-colibri-id=\"93-c37\" class=\"d-flex h-flex-basis h-column__inner h-px-lg-2 h-px-md-2 h-px-2 v-inner-lg-2 v-inner-md-2 v-inner-2 style-611 style-local-93-c37 position-relative\">\n            <!---->\n            <!---->\n            <div class=\"w-100 h-y-container h-column__content h-column__v-align flex-basis-100 align-self-lg-start align-self-md-start align-self-start\">\n              <!---->\n              <div data-colibri-id=\"93-c38\" class=\"style-609 style-local-93-c38 position-relative h-element\">\n                <!---->\n                <div class=\"d-flex flex-wrap h-social-icons justify-content-lg-center justify-content-md-center justify-content-center\">\n                  <div class=\"social-icon-container d-inline-flex\">\n                    <div class=\"icon-container h-social-icon h-global-transition\">\n                      <div class=\"h-icon-svg\" style=\"width: 100%; height: 100%;\">\n                        <!--Icon by Font Awesome (https:\/\/fontawesome.com)-->\n                        <svg version=\"1.1\" xmlns=\"http:\/\/www.w3.org\/2000\/svg\" xmlns:xlink=\"http:\/\/www.w3.org\/1999\/xlink\" id=\"facebook-square\" viewBox=\"0 0 1536 1896.0833\">\n                          <path d=\"M1248 128q119 0 203.5 84.5T1536 416v960q0 119-84.5 203.5T1248 1664h-188v-595h199l30-232h-229V689q0-56 23.5-84t91.5-28l122-1V369q-63-9-178-9-136 0-217.5 80T820 666v171H620v232h200v595H288q-119 0-203.5-84.5T0 1376V416q0-119 84.5-203.5T288 128h960z\"><\/path>\n                        <\/svg>\n                      <\/div>\n                    <\/div>\n                  <\/div>\n                  <div class=\"social-icon-container d-inline-flex\">\n                    <div class=\"icon-container h-social-icon h-global-transition\">\n                      <div class=\"h-icon-svg\" style=\"width: 100%; height: 100%;\">\n                        <!--Icon by Font Awesome (https:\/\/fontawesome.com)-->\n                        <svg version=\"1.1\" xmlns=\"http:\/\/www.w3.org\/2000\/svg\" xmlns:xlink=\"http:\/\/www.w3.org\/1999\/xlink\" id=\"instagram\" viewBox=\"0 0 1536 1896.0833\">\n                          <path d=\"M1024 896q0-106-75-181t-181-75-181 75-75 181 75 181 181 75 181-75 75-181zm138 0q0 164-115 279t-279 115-279-115-115-279 115-279 279-115 279 115 115 279zm108-410q0 38-27 65t-65 27-65-27-27-65 27-65 65-27 65 27 27 65zM768 266q-7 0-76.5-.5t-105.5 0-96.5 3-103 10T315 297q-50 20-88 58t-58 88q-11 29-18.5 71.5t-10 103-3 96.5 0 105.5.5 76.5-.5 76.5 0 105.5 3 96.5 10 103T169 1349q20 50 58 88t88 58q29 11 71.5 18.5t103 10 96.5 3 105.5 0 76.5-.5 76.5.5 105.5 0 96.5-3 103-10 71.5-18.5q50-20 88-58t58-88q11-29 18.5-71.5t10-103 3-96.5 0-105.5-.5-76.5.5-76.5 0-105.5-3-96.5-10-103T1367 443q-20-50-58-88t-88-58q-29-11-71.5-18.5t-103-10-96.5-3-105.5 0-76.5.5zm768 630q0 229-5 317-10 208-124 322t-322 124q-88 5-317 5t-317-5q-208-10-322-124T5 1213q-5-88-5-317t5-317q10-208 124-322t322-124q88-5 317-5t317 5q208 10 322 124t124 322q5 88 5 317z\"><\/path>\n                        <\/svg>\n                      <\/div>\n                    <\/div>\n                  <\/div>\n                  <div class=\"social-icon-container d-inline-flex\">\n                    <div class=\"icon-container h-social-icon h-global-transition\">\n                      <div class=\"h-icon-svg\" style=\"width: 100%; height: 100%;\">\n                        <!--Icon by Font Awesome (https:\/\/fontawesome.com)-->\n                        <svg version=\"1.1\" xmlns=\"http:\/\/www.w3.org\/2000\/svg\" xmlns:xlink=\"http:\/\/www.w3.org\/1999\/xlink\" id=\"envelope-square\" viewBox=\"0 0 1536 1896.0833\">\n                          <path d=\"M1248 128q119 0 203.5 84.5T1536 416v960q0 119-84.5 203.5T1248 1664H288q-119 0-203.5-84.5T0 1376V416q0-119 84.5-203.5T288 128h960zm32 1056V748q-31 35-64 55-34 22-132.5 85T932 987q-98 69-164 69t-164-69q-47-32-142-92.5T320 802q-12-8-33-27t-31-27v436q0 40 28 68t68 28h832q40 0 68-28t28-68zm0-573q0-41-27.5-70t-68.5-29H352q-40 0-68 28t-28 68q0 37 30.5 76.5T354 749q47 32 137.5 89T621 921q3 2 17 11.5t21 14 21 13 23.5 13T725 982t22.5 7.5T768 992t20.5-2.5T811 982t21.5-9.5 23.5-13 21-13 21-14 17-11.5l267-174q35-23 66.5-62.5T1280 611z\"><\/path>\n                        <\/svg>\n                      <\/div>\n                    <\/div>\n                  <\/div>\n                  <div class=\"social-icon-container d-inline-flex\">\n                    <div class=\"icon-container h-social-icon h-global-transition\">\n                      <div class=\"h-icon-svg\" style=\"width: 100%; height: 100%;\">\n                        <!--Icon by Font Awesome (https:\/\/fontawesome.com)-->\n                        <svg version=\"1.1\" xmlns=\"http:\/\/www.w3.org\/2000\/svg\" xmlns:xlink=\"http:\/\/www.w3.org\/1999\/xlink\" id=\"phone-square\" viewBox=\"0 0 1536 1896.0833\">\n                          <path d=\"M1280 1193q0-11-2-16t-18-16.5-40.5-25-47.5-26.5-45.5-25-28.5-15q-5-3-19-13t-25-15-21-5q-15 0-36.5 20.5t-39.5 45-38.5 45T885 1167q-7 0-16.5-3.5T853 1157t-17-9.5-14-8.5q-99-55-170-126.5T525 842q-2-3-8.5-14t-9.5-17-6.5-15.5T497 779q0-13 20.5-33.5t45-38.5 45-39.5T628 631q0-10-5-21t-15-25-13-19q-3-6-15-28.5T555 492t-26.5-47.5-25-40.5-16.5-18-16-2q-48 0-101 22-46 21-80 94.5T256 631q0 16 2.5 34t5 30.5 9 33 10 29.5 12.5 33 11 30q60 164 216.5 320.5T843 1358q6 2 30 11t33 12.5 29.5 10 33 9 30.5 5 34 2.5q57 0 130.5-34t94.5-80q22-53 22-101zm256-777v960q0 119-84.5 203.5T1248 1664H288q-119 0-203.5-84.5T0 1376V416q0-119 84.5-203.5T288 128h960q119 0 203.5 84.5T1536 416z\"><\/path>\n                        <\/svg>\n                      <\/div>\n                    <\/div>\n                  <\/div>\n                <\/div>\n              <\/div>\n            <\/div>\n          <\/div>\n        <\/div>\n      <\/div>\n    <\/div>\n  <\/div>\n<\/div>\n<\/div>","protected":false},"excerpt":{"rendered":"<p>VOYAGE DANS LES AIRS Lorem ipsum dolor&nbsp;function&nbsp;and funta&nbsp;hum vinemor Lorem ipsum dolor sit amet, at mei dolore tritani repudiandae. In his nemore temporibus consequuntur, vim ad prima vivendum consetetur.&nbsp;Lorem ipsum dolor sit ame. DECONNECTEZ VOUS Lorem ipsum dolor sit amet, consectetur adipiscing elit, sed do eiusmod tempor incididunt ut labore et dolore magna aliqua.&nbsp; PROFITEZ&nbsp; [&hellip;]<\/p>\n","protected":false},"author":1,"featured_media":0,"parent":0,"menu_order":0,"comment_status":"closed","ping_status":"closed","template":"page-templates\/full-width-page.php","meta":{"footnotes":""},"class_list":["post-93","page","type-page","status-publish","hentry"],"_links":{"self":[{"href":"https:\/\/dnmade-sepr.fr\/1922\/amandine\/voyage-imaginaire\/wp-json\/wp\/v2\/pages\/93","targetHints":{"allow":["GET"]}}],"collection":[{"href":"https:\/\/dnmade-sepr.fr\/1922\/amandine\/voyage-imaginaire\/wp-json\/wp\/v2\/pages"}],"about":[{"href":"https:\/\/dnmade-sepr.fr\/1922\/amandine\/voyage-imaginaire\/wp-json\/wp\/v2\/types\/page"}],"author":[{"embeddable":true,"href":"https:\/\/dnmade-sepr.fr\/1922\/amandine\/voyage-imaginaire\/wp-json\/wp\/v2\/users\/1"}],"replies":[{"embeddable":true,"href":"https:\/\/dnmade-sepr.fr\/1922\/amandine\/voyage-imaginaire\/wp-json\/wp\/v2\/comments?post=93"}],"version-history":[{"count":20,"href":"https:\/\/dnmade-sepr.fr\/1922\/amandine\/voyage-imaginaire\/wp-json\/wp\/v2\/pages\/93\/revisions"}],"predecessor-version":[{"id":676,"href":"https:\/\/dnmade-sepr.fr\/1922\/amandine\/voyage-imaginaire\/wp-json\/wp\/v2\/pages\/93\/revisions\/676"}],"wp:attachment":[{"href":"https:\/\/dnmade-sepr.fr\/1922\/amandine\/voyage-imaginaire\/wp-json\/wp\/v2\/media?parent=93"}],"curies":[{"name":"wp","href":"https:\/\/api.w.org\/{rel}","templated":true}]}}