{"id":62,"date":"2021-03-23T10:53:33","date_gmt":"2021-03-23T09:53:33","guid":{"rendered":"http:\/\/dnmade-sepr.fr\/1922\/edouard\/sogni\/?page_id=62"},"modified":"2021-04-07T17:10:49","modified_gmt":"2021-04-07T15:10:49","slug":"images-accueil","status":"publish","type":"page","link":"https:\/\/dnmade-sepr.fr\/1922\/edouard\/sogni\/","title":{"rendered":"Accueil"},"content":{"rendered":"\t\t<div data-elementor-type=\"wp-page\" data-elementor-id=\"62\" class=\"elementor elementor-62\" data-elementor-settings=\"[]\">\n\t\t\t\t\t\t\t<div class=\"elementor-section-wrap\">\n\t\t\t\t\t\t\t<section class=\"elementor-section elementor-top-section elementor-element elementor-element-06ce150 elementor-section-boxed elementor-section-height-default elementor-section-height-default elementor-invisible\" data-id=\"06ce150\" data-element_type=\"section\" data-settings=\"{&quot;animation&quot;:&quot;fadeInDown&quot;,&quot;background_background&quot;:&quot;gradient&quot;,&quot;ekit_has_onepagescroll_dot&quot;:&quot;yes&quot;}\">\n\t\t\t\t\t\t<div class=\"elementor-container elementor-column-gap-custom\">\n\t\t\t\t\t<div class=\"elementor-column elementor-col-100 elementor-top-column elementor-element elementor-element-e37c2d7\" data-id=\"e37c2d7\" data-element_type=\"column\" data-settings=\"{&quot;background_background&quot;:&quot;classic&quot;}\">\n\t\t\t<div class=\"elementor-widget-wrap elementor-element-populated\">\n\t\t\t\t\t\t\t\t<div class=\"elementor-element elementor-element-58416f4 elementor-widget elementor-widget-text-editor\" data-id=\"58416f4\" data-element_type=\"widget\" data-widget_type=\"text-editor.default\">\n\t\t\t\t<div class=\"elementor-widget-container\">\n\t\t\t\t\t<div class=\"elementor-text-editor elementor-clearfix\"><h5 style=\"text-align: left;\"><span style=\"font-size: 1.7223em; background-color: transparent;\">Vous voulez remonter le temps ? <\/span><\/h5><h5 style=\"text-align: left;\"><span style=\"font-size: 1.7223em; background-color: transparent;\">Revivre une \u00e9poque ?<\/span><\/h5><p style=\"text-align: left;\"><span style=\"color: #ffffff;\">\u00a0\u2022 SOGNI<span style=\"background-color: transparent; font-size: 0.8888em;\"> vous propose trois voyages avec un univers diff\u00e9rents : Revivre l&rsquo;\u00e9poque des pirates, visiter l&rsquo;\u00e9poque de l&rsquo;Egypte Antique et voyager dans l&rsquo;\u00e9poque iconique des vikings.<\/span><\/span><\/p><p style=\"text-align: left;\"><span style=\"color: #ffffff;\">\u00a0\u2022 Gr\u00e2ce \u00e0 l&rsquo;Animus soyez transport\u00e9s dans les moments historiques de notre civilisation.<\/span><\/p><\/div>\n\t\t\t\t<\/div>\n\t\t\t\t<\/div>\n\t\t\t\t\t<\/div>\n\t\t<\/div>\n\t\t\t\t\t\t\t<\/div>\n\t\t<\/section>\n\t\t\t\t<section class=\"elementor-section elementor-top-section elementor-element elementor-element-9c601fb elementor-section-boxed elementor-section-height-default elementor-section-height-default\" data-id=\"9c601fb\" data-element_type=\"section\" data-settings=\"{&quot;ekit_has_onepagescroll_dot&quot;:&quot;yes&quot;}\">\n\t\t\t\t\t\t<div class=\"elementor-container elementor-column-gap-default\">\n\t\t\t\t\t<div class=\"elementor-column elementor-col-100 elementor-top-column elementor-element elementor-element-184a5ba\" data-id=\"184a5ba\" data-element_type=\"column\">\n\t\t\t<div class=\"elementor-widget-wrap elementor-element-populated\">\n\t\t\t\t\t\t\t\t<div class=\"elementor-element elementor-element-43f256c elementor-absolute elementor-invisible elementor-widget elementor-widget-heading\" data-id=\"43f256c\" data-element_type=\"widget\" data-settings=\"{&quot;_position&quot;:&quot;absolute&quot;,&quot;_animation&quot;:&quot;fadeInDown&quot;}\" data-widget_type=\"heading.default\">\n\t\t\t\t<div class=\"elementor-widget-container\">\n\t\t\t<h1 class=\"elementor-heading-title elementor-size-default\">O\u00f9 partir cette ann\u00e9e ? \u2193<\/h1>\t\t<\/div>\n\t\t\t\t<\/div>\n\t\t\t\t\t<\/div>\n\t\t<\/div>\n\t\t\t\t\t\t\t<\/div>\n\t\t<\/section>\n\t\t\t\t<section class=\"elementor-section elementor-top-section elementor-element elementor-element-20957a4 elementor-section-boxed elementor-section-height-default elementor-section-height-default\" data-id=\"20957a4\" data-element_type=\"section\" data-settings=\"{&quot;ekit_has_onepagescroll_dot&quot;:&quot;yes&quot;}\">\n\t\t\t\t\t\t<div class=\"elementor-container elementor-column-gap-custom\">\n\t\t\t\t\t<div class=\"elementor-column elementor-col-33 elementor-top-column elementor-element elementor-element-b4f75ad\" data-id=\"b4f75ad\" data-element_type=\"column\">\n\t\t\t<div class=\"elementor-widget-wrap elementor-element-populated\">\n\t\t\t\t\t\t\t\t<div class=\"elementor-element elementor-element-09bd8ad elementor-invisible elementor-widget elementor-widget-image\" data-id=\"09bd8ad\" data-element_type=\"widget\" data-settings=\"{&quot;_animation&quot;:&quot;fadeInDown&quot;}\" data-widget_type=\"image.default\">\n\t\t\t\t<div class=\"elementor-widget-container\">\n\t\t\t\t\t<div class=\"elementor-image\">\n\t\t\t\t\t\t\t<figure class=\"wp-caption\">\n\t\t\t\t\t\t\t\t\t\t\t<a href=\"http:\/\/dnmade-sepr.fr\/1922\/edouard\/sogni\/black-flag\/\">\n\t\t\t\t\t\t\t<img loading=\"lazy\" decoding=\"async\" width=\"720\" height=\"720\" src=\"https:\/\/dnmade-sepr.fr\/1922\/edouard\/sogni\/wp-content\/uploads\/2021\/03\/blackflag.jpg\" class=\"elementor-animation-grow attachment-large size-large\" alt=\"\" srcset=\"https:\/\/dnmade-sepr.fr\/1922\/edouard\/sogni\/wp-content\/uploads\/2021\/03\/blackflag.jpg 720w, https:\/\/dnmade-sepr.fr\/1922\/edouard\/sogni\/wp-content\/uploads\/2021\/03\/blackflag-300x300.jpg 300w, https:\/\/dnmade-sepr.fr\/1922\/edouard\/sogni\/wp-content\/uploads\/2021\/03\/blackflag-150x150.jpg 150w, https:\/\/dnmade-sepr.fr\/1922\/edouard\/sogni\/wp-content\/uploads\/2021\/03\/blackflag-60x60.jpg 60w, https:\/\/dnmade-sepr.fr\/1922\/edouard\/sogni\/wp-content\/uploads\/2021\/03\/blackflag-468x468.jpg 468w\" sizes=\"auto, (max-width: 720px) 100vw, 720px\" \/>\t\t\t\t\t\t\t\t<\/a>\n\t\t\t\t\t\t\t\t\t\t\t<figcaption class=\"widget-image-caption wp-caption-text\"><\/figcaption>\n\t\t\t\t\t\t\t\t\t\t<\/figure>\n\t\t\t\t\t<\/div>\n\t\t\t\t<\/div>\n\t\t\t\t<\/div>\n\t\t\t\t<div class=\"elementor-element elementor-element-c6d8e75 elementor-invisible elementor-widget elementor-widget-heading\" data-id=\"c6d8e75\" data-element_type=\"widget\" data-settings=\"{&quot;_animation&quot;:&quot;fadeInDown&quot;}\" data-widget_type=\"heading.default\">\n\t\t\t\t<div class=\"elementor-widget-container\">\n\t\t\t<h2 class=\"elementor-heading-title elementor-size-default\">Black Flag<\/h2>\t\t<\/div>\n\t\t\t\t<\/div>\n\t\t\t\t\t<\/div>\n\t\t<\/div>\n\t\t\t\t<div class=\"elementor-column elementor-col-33 elementor-top-column elementor-element elementor-element-3d22e75\" data-id=\"3d22e75\" data-element_type=\"column\">\n\t\t\t<div class=\"elementor-widget-wrap elementor-element-populated\">\n\t\t\t\t\t\t\t\t<div class=\"elementor-element elementor-element-cf5a0e4 elementor-invisible elementor-widget elementor-widget-image\" data-id=\"cf5a0e4\" data-element_type=\"widget\" data-settings=\"{&quot;_animation&quot;:&quot;fadeInDown&quot;}\" data-widget_type=\"image.default\">\n\t\t\t\t<div class=\"elementor-widget-container\">\n\t\t\t\t\t<div class=\"elementor-image\">\n\t\t\t\t\t\t\t\t\t\t\t<a href=\"http:\/\/dnmade-sepr.fr\/1922\/edouard\/sogni\/origins\/\">\n\t\t\t\t\t\t\t<img loading=\"lazy\" decoding=\"async\" width=\"780\" height=\"780\" src=\"https:\/\/dnmade-sepr.fr\/1922\/edouard\/sogni\/wp-content\/uploads\/2021\/03\/origins2-1024x1024.jpg\" class=\"elementor-animation-grow attachment-large size-large\" alt=\"\" srcset=\"https:\/\/dnmade-sepr.fr\/1922\/edouard\/sogni\/wp-content\/uploads\/2021\/03\/origins2-1024x1024.jpg 1024w, https:\/\/dnmade-sepr.fr\/1922\/edouard\/sogni\/wp-content\/uploads\/2021\/03\/origins2-300x300.jpg 300w, https:\/\/dnmade-sepr.fr\/1922\/edouard\/sogni\/wp-content\/uploads\/2021\/03\/origins2-150x150.jpg 150w, https:\/\/dnmade-sepr.fr\/1922\/edouard\/sogni\/wp-content\/uploads\/2021\/03\/origins2-768x768.jpg 768w, https:\/\/dnmade-sepr.fr\/1922\/edouard\/sogni\/wp-content\/uploads\/2021\/03\/origins2-60x60.jpg 60w, https:\/\/dnmade-sepr.fr\/1922\/edouard\/sogni\/wp-content\/uploads\/2021\/03\/origins2-468x468.jpg 468w, https:\/\/dnmade-sepr.fr\/1922\/edouard\/sogni\/wp-content\/uploads\/2021\/03\/origins2.jpg 1125w\" sizes=\"auto, (max-width: 780px) 100vw, 780px\" \/>\t\t\t\t\t\t\t\t<\/a>\n\t\t\t\t\t\t\t\t\t\t\t<\/div>\n\t\t\t\t<\/div>\n\t\t\t\t<\/div>\n\t\t\t\t<div class=\"elementor-element elementor-element-a41fa29 elementor-invisible elementor-widget elementor-widget-heading\" data-id=\"a41fa29\" data-element_type=\"widget\" data-settings=\"{&quot;_animation&quot;:&quot;fadeInDown&quot;}\" data-widget_type=\"heading.default\">\n\t\t\t\t<div class=\"elementor-widget-container\">\n\t\t\t<h2 class=\"elementor-heading-title elementor-size-default\">Origins<\/h2>\t\t<\/div>\n\t\t\t\t<\/div>\n\t\t\t\t\t<\/div>\n\t\t<\/div>\n\t\t\t\t<div class=\"elementor-column elementor-col-33 elementor-top-column elementor-element elementor-element-9779d63\" data-id=\"9779d63\" data-element_type=\"column\">\n\t\t\t<div class=\"elementor-widget-wrap elementor-element-populated\">\n\t\t\t\t\t\t\t\t<div class=\"elementor-element elementor-element-c4b468a elementor-invisible elementor-widget elementor-widget-image\" data-id=\"c4b468a\" data-element_type=\"widget\" data-settings=\"{&quot;_animation&quot;:&quot;fadeInDown&quot;}\" data-widget_type=\"image.default\">\n\t\t\t\t<div class=\"elementor-widget-container\">\n\t\t\t\t\t<div class=\"elementor-image\">\n\t\t\t\t\t\t\t<figure class=\"wp-caption\">\n\t\t\t\t\t\t\t\t\t\t\t<a href=\"http:\/\/dnmade-sepr.fr\/1922\/edouard\/sogni\/valhalla\/\">\n\t\t\t\t\t\t\t<img loading=\"lazy\" decoding=\"async\" width=\"780\" height=\"780\" src=\"https:\/\/dnmade-sepr.fr\/1922\/edouard\/sogni\/wp-content\/uploads\/2021\/03\/valhalla-1024x1024.jpg\" class=\"elementor-animation-grow attachment-large size-large\" alt=\"\" srcset=\"https:\/\/dnmade-sepr.fr\/1922\/edouard\/sogni\/wp-content\/uploads\/2021\/03\/valhalla-1024x1024.jpg 1024w, https:\/\/dnmade-sepr.fr\/1922\/edouard\/sogni\/wp-content\/uploads\/2021\/03\/valhalla-300x300.jpg 300w, https:\/\/dnmade-sepr.fr\/1922\/edouard\/sogni\/wp-content\/uploads\/2021\/03\/valhalla-150x150.jpg 150w, https:\/\/dnmade-sepr.fr\/1922\/edouard\/sogni\/wp-content\/uploads\/2021\/03\/valhalla-768x768.jpg 768w, https:\/\/dnmade-sepr.fr\/1922\/edouard\/sogni\/wp-content\/uploads\/2021\/03\/valhalla-1536x1536.jpg 1536w, https:\/\/dnmade-sepr.fr\/1922\/edouard\/sogni\/wp-content\/uploads\/2021\/03\/valhalla-2048x2048.jpg 2048w, https:\/\/dnmade-sepr.fr\/1922\/edouard\/sogni\/wp-content\/uploads\/2021\/03\/valhalla-60x60.jpg 60w, https:\/\/dnmade-sepr.fr\/1922\/edouard\/sogni\/wp-content\/uploads\/2021\/03\/valhalla-468x468.jpg 468w\" sizes=\"auto, (max-width: 780px) 100vw, 780px\" \/>\t\t\t\t\t\t\t\t<\/a>\n\t\t\t\t\t\t\t\t\t\t\t<figcaption class=\"widget-image-caption wp-caption-text\"><\/figcaption>\n\t\t\t\t\t\t\t\t\t\t<\/figure>\n\t\t\t\t\t<\/div>\n\t\t\t\t<\/div>\n\t\t\t\t<\/div>\n\t\t\t\t<div class=\"elementor-element elementor-element-91af5de elementor-invisible elementor-widget elementor-widget-heading\" data-id=\"91af5de\" data-element_type=\"widget\" data-settings=\"{&quot;_animation&quot;:&quot;fadeInDown&quot;}\" data-widget_type=\"heading.default\">\n\t\t\t\t<div class=\"elementor-widget-container\">\n\t\t\t<h2 class=\"elementor-heading-title elementor-size-default\">Valhalla<\/h2>\t\t<\/div>\n\t\t\t\t<\/div>\n\t\t\t\t\t<\/div>\n\t\t<\/div>\n\t\t\t\t\t\t\t<\/div>\n\t\t<\/section>\n\t\t\t\t\t\t<\/div>\n\t\t\t\t\t<\/div>\n\t\t","protected":false},"excerpt":{"rendered":"<p>Vous voulez remonter le temps ? Revivre une \u00e9poque ? \u00a0\u2022 SOGNI vous propose trois voyages avec un univers diff\u00e9rents : Revivre l&rsquo;\u00e9poque des pirates, visiter l&rsquo;\u00e9poque de l&rsquo;Egypte Antique et voyager dans l&rsquo;\u00e9poque iconique des vikings. \u00a0\u2022 Gr\u00e2ce \u00e0 l&rsquo;Animus soyez transport\u00e9s dans les moments historiques de notre civilisation. O\u00f9 partir cette ann\u00e9e ? &hellip; <\/p>\n","protected":false},"author":1,"featured_media":0,"parent":0,"menu_order":0,"comment_status":"closed","ping_status":"closed","template":"elementor_theme","meta":{"footnotes":""},"class_list":["post-62","page","type-page","status-publish","hentry"],"_links":{"self":[{"href":"https:\/\/dnmade-sepr.fr\/1922\/edouard\/sogni\/wp-json\/wp\/v2\/pages\/62","targetHints":{"allow":["GET"]}}],"collection":[{"href":"https:\/\/dnmade-sepr.fr\/1922\/edouard\/sogni\/wp-json\/wp\/v2\/pages"}],"about":[{"href":"https:\/\/dnmade-sepr.fr\/1922\/edouard\/sogni\/wp-json\/wp\/v2\/types\/page"}],"author":[{"embeddable":true,"href":"https:\/\/dnmade-sepr.fr\/1922\/edouard\/sogni\/wp-json\/wp\/v2\/users\/1"}],"replies":[{"embeddable":true,"href":"https:\/\/dnmade-sepr.fr\/1922\/edouard\/sogni\/wp-json\/wp\/v2\/comments?post=62"}],"version-history":[{"count":53,"href":"https:\/\/dnmade-sepr.fr\/1922\/edouard\/sogni\/wp-json\/wp\/v2\/pages\/62\/revisions"}],"predecessor-version":[{"id":283,"href":"https:\/\/dnmade-sepr.fr\/1922\/edouard\/sogni\/wp-json\/wp\/v2\/pages\/62\/revisions\/283"}],"wp:attachment":[{"href":"https:\/\/dnmade-sepr.fr\/1922\/edouard\/sogni\/wp-json\/wp\/v2\/media?parent=62"}],"curies":[{"name":"wp","href":"https:\/\/api.w.org\/{rel}","templated":true}]}}