{"id":51,"date":"2021-10-05T11:18:28","date_gmt":"2021-10-05T09:18:28","guid":{"rendered":"https:\/\/dnmade-sepr.fr\/2023\/julie\/wordpress\/?page_id=51"},"modified":"2021-10-12T11:55:14","modified_gmt":"2021-10-12T09:55:14","slug":"esope","status":"publish","type":"page","link":"https:\/\/dnmade-sepr.fr\/2023\/julie\/wordpress\/esope\/","title":{"rendered":"Esope"},"content":{"rendered":"\t\t<div data-elementor-type=\"wp-page\" data-elementor-id=\"51\" class=\"elementor elementor-51\" data-elementor-settings=\"[]\">\n\t\t\t\t\t\t\t<div class=\"elementor-section-wrap\">\n\t\t\t\t\t\t\t<section class=\"elementor-section elementor-top-section elementor-element elementor-element-24abf2b4 elementor-section-boxed elementor-section-height-default elementor-section-height-default\" data-id=\"24abf2b4\" data-element_type=\"section\">\n\t\t\t\t\t\t<div class=\"elementor-container elementor-column-gap-default\">\n\t\t\t\t\t<div class=\"elementor-column elementor-col-100 elementor-top-column elementor-element elementor-element-20a7c6a7\" data-id=\"20a7c6a7\" data-element_type=\"column\">\n\t\t\t<div class=\"elementor-widget-wrap elementor-element-populated\">\n\t\t\t\t\t\t\t\t<div class=\"elementor-element elementor-element-f5e3336 elementor-widget-divider--view-line elementor-widget elementor-widget-divider\" data-id=\"f5e3336\" data-element_type=\"widget\" data-widget_type=\"divider.default\">\n\t\t\t\t<div class=\"elementor-widget-container\">\n\t\t\t\t\t<div class=\"elementor-divider\">\n\t\t\t<span class=\"elementor-divider-separator\">\n\t\t\t\t\t\t<\/span>\n\t\t<\/div>\n\t\t\t\t<\/div>\n\t\t\t\t<\/div>\n\t\t\t\t<div class=\"elementor-element elementor-element-2dde3f95 elementor-widget elementor-widget-text-editor\" data-id=\"2dde3f95\" data-element_type=\"widget\" data-widget_type=\"text-editor.default\">\n\t\t\t\t<div class=\"elementor-widget-container\">\n\t\t\t\t\t\t\t<h4><span style=\"font-family: terminal, monaco, monospace;\"><strong>Fable :<\/strong> <span style=\"font-size: 12pt;\">l&rsquo;estomac et les pieds<\/span><\/span><\/h4>\t\t\t\t\t\t<\/div>\n\t\t\t\t<\/div>\n\t\t\t\t\t<\/div>\n\t\t<\/div>\n\t\t\t\t\t\t\t<\/div>\n\t\t<\/section>\n\t\t\t\t<section class=\"elementor-section elementor-top-section elementor-element elementor-element-f37f3c9 elementor-section-boxed elementor-section-height-default elementor-section-height-default\" data-id=\"f37f3c9\" data-element_type=\"section\">\n\t\t\t\t\t\t<div class=\"elementor-container elementor-column-gap-default\">\n\t\t\t\t\t<div class=\"elementor-column elementor-col-50 elementor-top-column elementor-element elementor-element-c56f196\" data-id=\"c56f196\" data-element_type=\"column\">\n\t\t\t<div class=\"elementor-widget-wrap elementor-element-populated\">\n\t\t\t\t\t\t\t\t<div class=\"elementor-element elementor-element-8916d85 elementor-widget elementor-widget-image\" data-id=\"8916d85\" data-element_type=\"widget\" data-widget_type=\"image.default\">\n\t\t\t\t<div class=\"elementor-widget-container\">\n\t\t\t\t\t\t\t\t\t\t\t\t\t\t\t<img loading=\"lazy\" decoding=\"async\" width=\"392\" height=\"517\" src=\"https:\/\/dnmade-sepr.fr\/2023\/julie\/wordpress\/wp-content\/uploads\/2021\/10\/Wenceslas_Hollar_-_The_belly_and_the_members.jpg\" class=\"attachment-medium_large size-medium_large\" alt=\"\" srcset=\"https:\/\/dnmade-sepr.fr\/2023\/julie\/wordpress\/wp-content\/uploads\/2021\/10\/Wenceslas_Hollar_-_The_belly_and_the_members.jpg 392w, https:\/\/dnmade-sepr.fr\/2023\/julie\/wordpress\/wp-content\/uploads\/2021\/10\/Wenceslas_Hollar_-_The_belly_and_the_members-227x300.jpg 227w\" sizes=\"auto, (max-width: 392px) 100vw, 392px\" \/>\t\t\t\t\t\t\t\t\t\t\t\t\t\t\t<\/div>\n\t\t\t\t<\/div>\n\t\t\t\t<div class=\"elementor-element elementor-element-f2faa3c elementor-widget elementor-widget-heading\" data-id=\"f2faa3c\" data-element_type=\"widget\" data-widget_type=\"heading.default\">\n\t\t\t\t<div class=\"elementor-widget-container\">\n\t\t\t<h2 class=\"elementor-heading-title elementor-size-small\">Illustration de Wenceslas Hollar tir\u00e9e de la version des fables de John Ogilby, 1668.<\/h2>\t\t<\/div>\n\t\t\t\t<\/div>\n\t\t\t\t\t<\/div>\n\t\t<\/div>\n\t\t\t\t<div class=\"elementor-column elementor-col-50 elementor-top-column elementor-element elementor-element-34cd260\" data-id=\"34cd260\" data-element_type=\"column\">\n\t\t\t<div class=\"elementor-widget-wrap elementor-element-populated\">\n\t\t\t\t\t\t\t\t<div class=\"elementor-element elementor-element-fa51edb elementor-invisible elementor-widget elementor-widget-heading\" data-id=\"fa51edb\" data-element_type=\"widget\" data-settings=\"{&quot;_animation&quot;:&quot;lightSpeedIn&quot;}\" data-widget_type=\"heading.default\">\n\t\t\t\t<div class=\"elementor-widget-container\">\n\t\t\t<h2 class=\"elementor-heading-title elementor-size-default\">Le ventre et les membres est l'une des fables d'\u00c9sope et porte le num\u00e9ro 130 dans l'indice Perry. Elle a \u00e9t\u00e9 interpr\u00e9t\u00e9e dans divers contextes politiques au cours des si\u00e8cles.\nIl existe plusieurs versions de la fable. Dans les premi\u00e8res sources grecques, il s'agit d'un diff\u00e9rend entre l'estomac et les pieds, ou entre celui-ci et les mains et les pieds dans les versions latines ult\u00e9rieures. Ceux-ci se plaignent parce que l'estomac re\u00e7oit toute la nourriture et refusant de la partager, mais en comprennent la signification en constatant leur affaiblissement. Dans les versions m\u00e9di\u00e9vales, le reste du corps est tellement affaibli qu'il meurt, et les illustrations ult\u00e9rieures repr\u00e9sentent presque toujours un homme affaibli expirant sur le sol1. Le sens actuel qui lui est donn\u00e9 soutient l'effort d'\u00e9quipe et la reconnaissance du r\u00f4le vital que tous les membres y jouent. Dans des p\u00e9riodes plus autoritaires, cependant, la fable a \u00e9t\u00e9 prise pour affirmer la direction du centre.<\/h2>\t\t<\/div>\n\t\t\t\t<\/div>\n\t\t\t\t\t<\/div>\n\t\t<\/div>\n\t\t\t\t\t\t\t<\/div>\n\t\t<\/section>\n\t\t\t\t\t\t<\/div>\n\t\t\t\t\t<\/div>\n\t\t","protected":false},"excerpt":{"rendered":"<p>Fable : l&rsquo;estomac et les pieds Illustration de Wenceslas Hollar tir\u00e9e de [&hellip;]<\/p>\n","protected":false},"author":1,"featured_media":0,"parent":0,"menu_order":0,"comment_status":"closed","ping_status":"closed","template":"","meta":{"footnotes":""},"class_list":["post-51","page","type-page","status-publish","hentry"],"_links":{"self":[{"href":"https:\/\/dnmade-sepr.fr\/2023\/julie\/wordpress\/wp-json\/wp\/v2\/pages\/51","targetHints":{"allow":["GET"]}}],"collection":[{"href":"https:\/\/dnmade-sepr.fr\/2023\/julie\/wordpress\/wp-json\/wp\/v2\/pages"}],"about":[{"href":"https:\/\/dnmade-sepr.fr\/2023\/julie\/wordpress\/wp-json\/wp\/v2\/types\/page"}],"author":[{"embeddable":true,"href":"https:\/\/dnmade-sepr.fr\/2023\/julie\/wordpress\/wp-json\/wp\/v2\/users\/1"}],"replies":[{"embeddable":true,"href":"https:\/\/dnmade-sepr.fr\/2023\/julie\/wordpress\/wp-json\/wp\/v2\/comments?post=51"}],"version-history":[{"count":17,"href":"https:\/\/dnmade-sepr.fr\/2023\/julie\/wordpress\/wp-json\/wp\/v2\/pages\/51\/revisions"}],"predecessor-version":[{"id":85,"href":"https:\/\/dnmade-sepr.fr\/2023\/julie\/wordpress\/wp-json\/wp\/v2\/pages\/51\/revisions\/85"}],"wp:attachment":[{"href":"https:\/\/dnmade-sepr.fr\/2023\/julie\/wordpress\/wp-json\/wp\/v2\/media?parent=51"}],"curies":[{"name":"wp","href":"https:\/\/api.w.org\/{rel}","templated":true}]}}