{"id":40,"date":"2021-10-12T11:20:06","date_gmt":"2021-10-12T09:20:06","guid":{"rendered":"https:\/\/dnmade-sepr.fr\/2023\/meline\/wordpress\/?page_id=40"},"modified":"2021-10-12T22:59:01","modified_gmt":"2021-10-12T20:59:01","slug":"esope","status":"publish","type":"page","link":"https:\/\/dnmade-sepr.fr\/2023\/meline\/wordpress\/?page_id=40","title":{"rendered":"Esope"},"content":{"rendered":"\t\t<div data-elementor-type=\"wp-page\" data-elementor-id=\"40\" class=\"elementor elementor-40\" data-elementor-settings=\"[]\">\n\t\t\t\t\t\t\t<div class=\"elementor-section-wrap\">\n\t\t\t\t\t\t\t<section class=\"elementor-section elementor-top-section elementor-element elementor-element-0e2f4ec elementor-section-boxed elementor-section-height-default elementor-section-height-default\" data-id=\"0e2f4ec\" data-element_type=\"section\">\n\t\t\t\t\t\t<div class=\"elementor-container elementor-column-gap-default\">\n\t\t\t\t\t<div class=\"elementor-column elementor-col-100 elementor-top-column elementor-element elementor-element-bb23f97\" data-id=\"bb23f97\" data-element_type=\"column\">\n\t\t\t<div class=\"elementor-widget-wrap elementor-element-populated\">\n\t\t\t\t\t\t\t\t<div class=\"elementor-element elementor-element-469f65e elementor-invisible elementor-widget elementor-widget-heading\" data-id=\"469f65e\" data-element_type=\"widget\" data-settings=\"{&quot;_animation&quot;:&quot;fadeInUp&quot;}\" data-widget_type=\"heading.default\">\n\t\t\t\t<div class=\"elementor-widget-container\">\n\t\t\t<h2 class=\"elementor-heading-title elementor-size-default\">Fable :<\/h2>\t\t<\/div>\n\t\t\t\t<\/div>\n\t\t\t\t\t<\/div>\n\t\t<\/div>\n\t\t\t\t\t\t\t<\/div>\n\t\t<\/section>\n\t\t\t\t<section class=\"elementor-section elementor-top-section elementor-element elementor-element-5af6a34 elementor-section-boxed elementor-section-height-default elementor-section-height-default\" data-id=\"5af6a34\" data-element_type=\"section\">\n\t\t\t\t\t\t<div class=\"elementor-container elementor-column-gap-default\">\n\t\t\t\t\t<div class=\"elementor-column elementor-col-100 elementor-top-column elementor-element elementor-element-e66777f\" data-id=\"e66777f\" data-element_type=\"column\">\n\t\t\t<div class=\"elementor-widget-wrap elementor-element-populated\">\n\t\t\t\t\t\t\t\t<div class=\"elementor-element elementor-element-ecd368a elementor-invisible elementor-widget elementor-widget-text-editor\" data-id=\"ecd368a\" data-element_type=\"widget\" data-settings=\"{&quot;_animation&quot;:&quot;fadeInUp&quot;}\" data-widget_type=\"text-editor.default\">\n\t\t\t\t<div class=\"elementor-widget-container\">\n\t\t\t\t\t\t\t<p style=\"text-align: center;\">Le loup et le h\u00e9ron<\/p><p>Un loup, ayant aval\u00e9 un os, allait partout cherchant qui le d\u00e9barrasserait de son mal. Il rencontra un h\u00e9ron, et lui demanda moyennant salaire d\u2019enlever l\u2019os. Alors le h\u00e9ron descendit sa t\u00eate dans le gosier du loup, retira l\u2019os, puis r\u00e9clama le salaire convenu. \u00ab\u00a0H\u00e9\u00a0! l\u2019ami, r\u00e9pondit le loup, ne te suffit-il pas d\u2019avoir retir\u00e9 ta t\u00eate saine et sauve de la gueule du loup, et te faut-il encore un salaire\u00a0?\u00a0\u00bb<\/p><p>Cette fable montre que le plus grand service qu\u2019on puisse attendre de la reconnaissance des m\u00e9chants, c\u2019est qu\u2019\u00e0 l\u2019ingratitude ils n\u2019ajoutent pas l\u2019injustice.<\/p>\t\t\t\t\t\t<\/div>\n\t\t\t\t<\/div>\n\t\t\t\t<div class=\"elementor-element elementor-element-88dd048 elementor-invisible elementor-widget elementor-widget-image\" data-id=\"88dd048\" data-element_type=\"widget\" data-settings=\"{&quot;_animation&quot;:&quot;bounce&quot;}\" data-widget_type=\"image.default\">\n\t\t\t\t<div class=\"elementor-widget-container\">\n\t\t\t\t\t\t\t\t\t\t\t\t<figure class=\"wp-caption\">\n\t\t\t\t\t\t\t\t\t\t<img loading=\"lazy\" decoding=\"async\" width=\"507\" height=\"412\" src=\"https:\/\/dnmade-sepr.fr\/2023\/meline\/wordpress\/wp-content\/uploads\/2021\/10\/372-1.jpg\" class=\"attachment-large size-large\" alt=\"gravure\" srcset=\"https:\/\/dnmade-sepr.fr\/2023\/meline\/wordpress\/wp-content\/uploads\/2021\/10\/372-1.jpg 507w, https:\/\/dnmade-sepr.fr\/2023\/meline\/wordpress\/wp-content\/uploads\/2021\/10\/372-1-300x244.jpg 300w\" sizes=\"auto, (max-width: 507px) 100vw, 507px\" \/>\t\t\t\t\t\t\t\t\t\t\t<figcaption class=\"widget-image-caption wp-caption-text\">gravure \"Le loup et le h\u00e9ron\"  de Fran\u00e7ois Silvestre<\/figcaption>\n\t\t\t\t\t\t\t\t\t\t<\/figure>\n\t\t\t\t\t\t\t\t\t<\/div>\n\t\t\t\t<\/div>\n\t\t\t\t\t<\/div>\n\t\t<\/div>\n\t\t\t\t\t\t\t<\/div>\n\t\t<\/section>\n\t\t\t\t\t\t<\/div>\n\t\t\t\t\t<\/div>\n\t\t","protected":false},"excerpt":{"rendered":"<p>Fable : Le loup et le h\u00e9ron Un loup, ayant aval\u00e9 un os, allait partout cherchant qui le d\u00e9barrasserait de son mal. Il rencontra un h\u00e9ron, et lui demanda moyennant salaire d\u2019enlever l\u2019os. Alors le h\u00e9ron descendit sa t\u00eate dans le gosier du loup, retira l\u2019os, puis r\u00e9clama le salaire convenu. \u00ab\u00a0H\u00e9\u00a0! l\u2019ami, r\u00e9pondit le [&hellip;]<\/p>\n","protected":false},"author":1,"featured_media":0,"parent":0,"menu_order":0,"comment_status":"closed","ping_status":"closed","template":"","meta":{"footnotes":""},"class_list":["post-40","page","type-page","status-publish","hentry"],"_links":{"self":[{"href":"https:\/\/dnmade-sepr.fr\/2023\/meline\/wordpress\/index.php?rest_route=\/wp\/v2\/pages\/40","targetHints":{"allow":["GET"]}}],"collection":[{"href":"https:\/\/dnmade-sepr.fr\/2023\/meline\/wordpress\/index.php?rest_route=\/wp\/v2\/pages"}],"about":[{"href":"https:\/\/dnmade-sepr.fr\/2023\/meline\/wordpress\/index.php?rest_route=\/wp\/v2\/types\/page"}],"author":[{"embeddable":true,"href":"https:\/\/dnmade-sepr.fr\/2023\/meline\/wordpress\/index.php?rest_route=\/wp\/v2\/users\/1"}],"replies":[{"embeddable":true,"href":"https:\/\/dnmade-sepr.fr\/2023\/meline\/wordpress\/index.php?rest_route=%2Fwp%2Fv2%2Fcomments&post=40"}],"version-history":[{"count":12,"href":"https:\/\/dnmade-sepr.fr\/2023\/meline\/wordpress\/index.php?rest_route=\/wp\/v2\/pages\/40\/revisions"}],"predecessor-version":[{"id":59,"href":"https:\/\/dnmade-sepr.fr\/2023\/meline\/wordpress\/index.php?rest_route=\/wp\/v2\/pages\/40\/revisions\/59"}],"wp:attachment":[{"href":"https:\/\/dnmade-sepr.fr\/2023\/meline\/wordpress\/index.php?rest_route=%2Fwp%2Fv2%2Fmedia&parent=40"}],"curies":[{"name":"wp","href":"https:\/\/api.w.org\/{rel}","templated":true}]}}