{"id":171,"date":"2025-03-26T09:30:43","date_gmt":"2025-03-26T08:30:43","guid":{"rendered":"http:\/\/dnmade-sepr.fr\/2326\/alexane\/?page_id=171"},"modified":"2025-04-16T12:33:46","modified_gmt":"2025-04-16T10:33:46","slug":"exercices","status":"publish","type":"page","link":"https:\/\/dnmade-sepr.fr\/2326\/alexane\/exercices\/","title":{"rendered":"Exercices"},"content":{"rendered":"\t\t<div data-elementor-type=\"wp-page\" data-elementor-id=\"171\" class=\"elementor elementor-171\">\n\t\t\t\t<div class=\"elementor-element elementor-element-5f34bc3 e-flex e-con-boxed e-con e-parent\" data-id=\"5f34bc3\" data-element_type=\"container\">\n\t\t\t\t\t<div class=\"e-con-inner\">\n\t\t\t\t<div class=\"elementor-element elementor-element-18dc5ea elementor-widget elementor-widget-heading\" data-id=\"18dc5ea\" data-element_type=\"widget\" data-widget_type=\"heading.default\">\n\t\t\t\t<div class=\"elementor-widget-container\">\n\t\t\t\t\t<h2 class=\"elementor-heading-title elementor-size-default\">Lisibilit\u00e9<\/h2>\t\t\t\t<\/div>\n\t\t\t\t<\/div>\n\t\t\t\t\t<\/div>\n\t\t\t\t<\/div>\n\t\t<div class=\"elementor-element elementor-element-0693aa0 e-flex e-con-boxed e-con e-parent\" data-id=\"0693aa0\" data-element_type=\"container\">\n\t\t\t\t\t<div class=\"e-con-inner\">\n\t\t<div class=\"elementor-element elementor-element-16a0cdb e-con-full e-flex e-con e-child\" data-id=\"16a0cdb\" data-element_type=\"container\">\n\t\t\t\t<div class=\"elementor-element elementor-element-3092e76 elementor-widget elementor-widget-image\" data-id=\"3092e76\" data-element_type=\"widget\" data-widget_type=\"image.default\">\n\t\t\t\t<div class=\"elementor-widget-container\">\n\t\t\t\t\t\t\t\t\t\t\t\t\t\t\t<img fetchpriority=\"high\" decoding=\"async\" width=\"1423\" height=\"2048\" src=\"https:\/\/dnmade-sepr.fr\/2326\/alexane\/wp-content\/uploads\/2025\/04\/Lisible_v2-1423x2048.png\" class=\"attachment-2048x2048 size-2048x2048 wp-image-284\" alt=\"\" srcset=\"https:\/\/dnmade-sepr.fr\/2326\/alexane\/wp-content\/uploads\/2025\/04\/Lisible_v2-1423x2048.png 1423w, https:\/\/dnmade-sepr.fr\/2326\/alexane\/wp-content\/uploads\/2025\/04\/Lisible_v2-208x300.png 208w, https:\/\/dnmade-sepr.fr\/2326\/alexane\/wp-content\/uploads\/2025\/04\/Lisible_v2-712x1024.png 712w, https:\/\/dnmade-sepr.fr\/2326\/alexane\/wp-content\/uploads\/2025\/04\/Lisible_v2-768x1105.png 768w, https:\/\/dnmade-sepr.fr\/2326\/alexane\/wp-content\/uploads\/2025\/04\/Lisible_v2-1067x1536.png 1067w, https:\/\/dnmade-sepr.fr\/2326\/alexane\/wp-content\/uploads\/2025\/04\/Lisible_v2.png 1640w\" sizes=\"(max-width: 1423px) 100vw, 1423px\" \/>\t\t\t\t\t\t\t\t\t\t\t\t\t\t\t<\/div>\n\t\t\t\t<\/div>\n\t\t\t\t<\/div>\n\t\t<div class=\"elementor-element elementor-element-921c910 e-con-full e-flex e-con e-child\" data-id=\"921c910\" data-element_type=\"container\">\n\t\t\t\t<div class=\"elementor-element elementor-element-54e3d62 elementor-widget elementor-widget-image\" data-id=\"54e3d62\" data-element_type=\"widget\" data-widget_type=\"image.default\">\n\t\t\t\t<div class=\"elementor-widget-container\">\n\t\t\t\t\t\t\t\t\t\t\t\t\t\t\t<img decoding=\"async\" width=\"1423\" height=\"2048\" src=\"https:\/\/dnmade-sepr.fr\/2326\/alexane\/wp-content\/uploads\/2025\/04\/Lisible_2-1423x2048.png\" class=\"attachment-2048x2048 size-2048x2048 wp-image-282\" alt=\"\" srcset=\"https:\/\/dnmade-sepr.fr\/2326\/alexane\/wp-content\/uploads\/2025\/04\/Lisible_2-1423x2048.png 1423w, https:\/\/dnmade-sepr.fr\/2326\/alexane\/wp-content\/uploads\/2025\/04\/Lisible_2-208x300.png 208w, https:\/\/dnmade-sepr.fr\/2326\/alexane\/wp-content\/uploads\/2025\/04\/Lisible_2-712x1024.png 712w, https:\/\/dnmade-sepr.fr\/2326\/alexane\/wp-content\/uploads\/2025\/04\/Lisible_2-768x1105.png 768w, https:\/\/dnmade-sepr.fr\/2326\/alexane\/wp-content\/uploads\/2025\/04\/Lisible_2-1067x1536.png 1067w, https:\/\/dnmade-sepr.fr\/2326\/alexane\/wp-content\/uploads\/2025\/04\/Lisible_2.png 1640w\" sizes=\"(max-width: 1423px) 100vw, 1423px\" \/>\t\t\t\t\t\t\t\t\t\t\t\t\t\t\t<\/div>\n\t\t\t\t<\/div>\n\t\t\t\t<\/div>\n\t\t<div class=\"elementor-element elementor-element-e7f7911 e-con-full e-flex e-con e-child\" data-id=\"e7f7911\" data-element_type=\"container\">\n\t\t\t\t<div class=\"elementor-element elementor-element-2ef89e4 elementor-widget elementor-widget-image\" data-id=\"2ef89e4\" data-element_type=\"widget\" data-widget_type=\"image.default\">\n\t\t\t\t<div class=\"elementor-widget-container\">\n\t\t\t\t\t\t\t\t\t\t\t\t\t\t\t<img decoding=\"async\" width=\"1423\" height=\"2048\" src=\"https:\/\/dnmade-sepr.fr\/2326\/alexane\/wp-content\/uploads\/2025\/04\/Lisible_3-1423x2048.png\" class=\"attachment-2048x2048 size-2048x2048 wp-image-283\" alt=\"\" srcset=\"https:\/\/dnmade-sepr.fr\/2326\/alexane\/wp-content\/uploads\/2025\/04\/Lisible_3-1423x2048.png 1423w, https:\/\/dnmade-sepr.fr\/2326\/alexane\/wp-content\/uploads\/2025\/04\/Lisible_3-208x300.png 208w, https:\/\/dnmade-sepr.fr\/2326\/alexane\/wp-content\/uploads\/2025\/04\/Lisible_3-712x1024.png 712w, https:\/\/dnmade-sepr.fr\/2326\/alexane\/wp-content\/uploads\/2025\/04\/Lisible_3-768x1105.png 768w, https:\/\/dnmade-sepr.fr\/2326\/alexane\/wp-content\/uploads\/2025\/04\/Lisible_3-1067x1536.png 1067w, https:\/\/dnmade-sepr.fr\/2326\/alexane\/wp-content\/uploads\/2025\/04\/Lisible_3.png 1640w\" sizes=\"(max-width: 1423px) 100vw, 1423px\" \/>\t\t\t\t\t\t\t\t\t\t\t\t\t\t\t<\/div>\n\t\t\t\t<\/div>\n\t\t\t\t<\/div>\n\t\t\t\t\t<\/div>\n\t\t\t\t<\/div>\n\t\t<div class=\"elementor-element elementor-element-35048ae e-flex e-con-boxed e-con e-parent\" data-id=\"35048ae\" data-element_type=\"container\">\n\t\t\t\t\t<div class=\"e-con-inner\">\n\t\t\t\t<div class=\"elementor-element elementor-element-d855099 elementor-widget elementor-widget-text-editor\" data-id=\"d855099\" data-element_type=\"widget\" data-widget_type=\"text-editor.default\">\n\t\t\t\t<div class=\"elementor-widget-container\">\n\t\t\t\t\t\t\t\t\t<p>Exercice d&rsquo;exp\u00e9rimentation autour de la lisibilit\u00e9 et comment elle impacte la vision d&rsquo;une oeuvre.<\/p><p><span style=\"letter-spacing: 0px; text-align: var(--text-align); font-family: var(--wp--preset--font-family--dm-sans); font-size: var(--wp--preset--font-size--normal);\">En haut : premi\u00e8res exp\u00e9rimentations num\u00e9riques. <\/span><span style=\"letter-spacing: 0px; text-align: var(--text-align); font-family: var(--wp--preset--font-family--dm-sans); font-size: var(--wp--preset--font-size--normal);\">En bas : R\u00e9alisations plastiques<\/span><\/p>\t\t\t\t\t\t\t\t<\/div>\n\t\t\t\t<\/div>\n\t\t\t\t\t<\/div>\n\t\t\t\t<\/div>\n\t\t<div class=\"elementor-element elementor-element-51bf1ec e-flex e-con-boxed e-con e-parent\" data-id=\"51bf1ec\" data-element_type=\"container\">\n\t\t\t\t\t<div class=\"e-con-inner\">\n\t\t<div class=\"elementor-element elementor-element-05d5701 e-con-full e-flex e-con e-child\" data-id=\"05d5701\" data-element_type=\"container\">\n\t\t\t\t<div class=\"elementor-element elementor-element-afb1716 elementor-widget elementor-widget-image\" data-id=\"afb1716\" data-element_type=\"widget\" data-widget_type=\"image.default\">\n\t\t\t\t<div class=\"elementor-widget-container\">\n\t\t\t\t\t\t\t\t\t\t\t\t\t\t\t<img loading=\"lazy\" decoding=\"async\" width=\"768\" height=\"1024\" src=\"https:\/\/dnmade-sepr.fr\/2326\/alexane\/wp-content\/uploads\/2025\/04\/poumons-exploses-V1-768x1024.png\" class=\"attachment-large size-large wp-image-278\" alt=\"\" srcset=\"https:\/\/dnmade-sepr.fr\/2326\/alexane\/wp-content\/uploads\/2025\/04\/poumons-exploses-V1-768x1024.png 768w, https:\/\/dnmade-sepr.fr\/2326\/alexane\/wp-content\/uploads\/2025\/04\/poumons-exploses-V1-225x300.png 225w, https:\/\/dnmade-sepr.fr\/2326\/alexane\/wp-content\/uploads\/2025\/04\/poumons-exploses-V1-1152x1536.png 1152w, https:\/\/dnmade-sepr.fr\/2326\/alexane\/wp-content\/uploads\/2025\/04\/poumons-exploses-V1-1536x2048.png 1536w, https:\/\/dnmade-sepr.fr\/2326\/alexane\/wp-content\/uploads\/2025\/04\/poumons-exploses-V1-scaled.png 1920w\" sizes=\"(max-width: 768px) 100vw, 768px\" \/>\t\t\t\t\t\t\t\t\t\t\t\t\t\t\t<\/div>\n\t\t\t\t<\/div>\n\t\t\t\t<\/div>\n\t\t<div class=\"elementor-element elementor-element-54dbf1f e-con-full e-flex e-con e-child\" data-id=\"54dbf1f\" data-element_type=\"container\">\n\t\t\t\t<div class=\"elementor-element elementor-element-2a33ab4 elementor-widget elementor-widget-image\" data-id=\"2a33ab4\" data-element_type=\"widget\" data-widget_type=\"image.default\">\n\t\t\t\t<div class=\"elementor-widget-container\">\n\t\t\t\t\t\t\t\t\t\t\t\t\t\t\t<img loading=\"lazy\" decoding=\"async\" width=\"1536\" height=\"2048\" src=\"https:\/\/dnmade-sepr.fr\/2326\/alexane\/wp-content\/uploads\/2025\/04\/poumons-exploses-v2-1536x2048.png\" class=\"attachment-2048x2048 size-2048x2048 wp-image-279\" alt=\"\" srcset=\"https:\/\/dnmade-sepr.fr\/2326\/alexane\/wp-content\/uploads\/2025\/04\/poumons-exploses-v2-1536x2048.png 1536w, https:\/\/dnmade-sepr.fr\/2326\/alexane\/wp-content\/uploads\/2025\/04\/poumons-exploses-v2-225x300.png 225w, https:\/\/dnmade-sepr.fr\/2326\/alexane\/wp-content\/uploads\/2025\/04\/poumons-exploses-v2-768x1024.png 768w, https:\/\/dnmade-sepr.fr\/2326\/alexane\/wp-content\/uploads\/2025\/04\/poumons-exploses-v2-1152x1536.png 1152w, https:\/\/dnmade-sepr.fr\/2326\/alexane\/wp-content\/uploads\/2025\/04\/poumons-exploses-v2-scaled.png 1920w\" sizes=\"(max-width: 1536px) 100vw, 1536px\" \/>\t\t\t\t\t\t\t\t\t\t\t\t\t\t\t<\/div>\n\t\t\t\t<\/div>\n\t\t\t\t<\/div>\n\t\t<div class=\"elementor-element elementor-element-7cd3c0b e-con-full e-flex e-con e-child\" data-id=\"7cd3c0b\" data-element_type=\"container\">\n\t\t\t\t<div class=\"elementor-element elementor-element-b7ad317 elementor-widget elementor-widget-image\" data-id=\"b7ad317\" data-element_type=\"widget\" data-widget_type=\"image.default\">\n\t\t\t\t<div class=\"elementor-widget-container\">\n\t\t\t\t\t\t\t\t\t\t\t\t\t\t\t<img loading=\"lazy\" decoding=\"async\" width=\"1536\" height=\"2048\" src=\"https:\/\/dnmade-sepr.fr\/2326\/alexane\/wp-content\/uploads\/2025\/04\/vivement-demain-1536x2048.png\" class=\"attachment-2048x2048 size-2048x2048 wp-image-280\" alt=\"\" srcset=\"https:\/\/dnmade-sepr.fr\/2326\/alexane\/wp-content\/uploads\/2025\/04\/vivement-demain-1536x2048.png 1536w, https:\/\/dnmade-sepr.fr\/2326\/alexane\/wp-content\/uploads\/2025\/04\/vivement-demain-225x300.png 225w, https:\/\/dnmade-sepr.fr\/2326\/alexane\/wp-content\/uploads\/2025\/04\/vivement-demain-768x1024.png 768w, https:\/\/dnmade-sepr.fr\/2326\/alexane\/wp-content\/uploads\/2025\/04\/vivement-demain-1152x1536.png 1152w, https:\/\/dnmade-sepr.fr\/2326\/alexane\/wp-content\/uploads\/2025\/04\/vivement-demain-scaled.png 1920w\" sizes=\"(max-width: 1536px) 100vw, 1536px\" \/>\t\t\t\t\t\t\t\t\t\t\t\t\t\t\t<\/div>\n\t\t\t\t<\/div>\n\t\t\t\t<\/div>\n\t\t<div class=\"elementor-element elementor-element-236a09e e-con-full e-flex e-con e-child\" data-id=\"236a09e\" data-element_type=\"container\">\n\t\t\t\t<div class=\"elementor-element elementor-element-290b808 elementor-widget elementor-widget-image\" data-id=\"290b808\" data-element_type=\"widget\" data-widget_type=\"image.default\">\n\t\t\t\t<div class=\"elementor-widget-container\">\n\t\t\t\t\t\t\t\t\t\t\t\t\t\t\t<img loading=\"lazy\" decoding=\"async\" width=\"1536\" height=\"2048\" src=\"https:\/\/dnmade-sepr.fr\/2326\/alexane\/wp-content\/uploads\/2025\/04\/blablabla-1536x2048.png\" class=\"attachment-2048x2048 size-2048x2048 wp-image-277\" alt=\"\" srcset=\"https:\/\/dnmade-sepr.fr\/2326\/alexane\/wp-content\/uploads\/2025\/04\/blablabla-1536x2048.png 1536w, https:\/\/dnmade-sepr.fr\/2326\/alexane\/wp-content\/uploads\/2025\/04\/blablabla-225x300.png 225w, https:\/\/dnmade-sepr.fr\/2326\/alexane\/wp-content\/uploads\/2025\/04\/blablabla-768x1024.png 768w, https:\/\/dnmade-sepr.fr\/2326\/alexane\/wp-content\/uploads\/2025\/04\/blablabla-1152x1536.png 1152w, https:\/\/dnmade-sepr.fr\/2326\/alexane\/wp-content\/uploads\/2025\/04\/blablabla-scaled.png 1920w\" sizes=\"(max-width: 1536px) 100vw, 1536px\" \/>\t\t\t\t\t\t\t\t\t\t\t\t\t\t\t<\/div>\n\t\t\t\t<\/div>\n\t\t\t\t<\/div>\n\t\t\t\t\t<\/div>\n\t\t\t\t<\/div>\n\t\t<div class=\"elementor-element elementor-element-d912ddf e-flex e-con-boxed e-con e-parent\" data-id=\"d912ddf\" data-element_type=\"container\">\n\t\t\t\t\t<div class=\"e-con-inner\">\n\t\t\t\t<div class=\"elementor-element elementor-element-d74b06a elementor-widget elementor-widget-spacer\" data-id=\"d74b06a\" data-element_type=\"widget\" data-widget_type=\"spacer.default\">\n\t\t\t\t<div class=\"elementor-widget-container\">\n\t\t\t\t\t\t\t<div class=\"elementor-spacer\">\n\t\t\t<div class=\"elementor-spacer-inner\"><\/div>\n\t\t<\/div>\n\t\t\t\t\t\t<\/div>\n\t\t\t\t<\/div>\n\t\t\t\t\t<\/div>\n\t\t\t\t<\/div>\n\t\t<div class=\"elementor-element elementor-element-94c6558 e-flex e-con-boxed e-con e-parent\" data-id=\"94c6558\" data-element_type=\"container\">\n\t\t\t\t\t<div class=\"e-con-inner\">\n\t\t\t\t<div class=\"elementor-element elementor-element-c4363d9 elementor-widget elementor-widget-heading\" data-id=\"c4363d9\" data-element_type=\"widget\" data-widget_type=\"heading.default\">\n\t\t\t\t<div class=\"elementor-widget-container\">\n\t\t\t\t\t<h2 class=\"elementor-heading-title elementor-size-default\"><div style=\"text-align: center;\"><span style=\"text-align: var(--text-align); font-family: var(--wp--preset--font-family--dm-sans); font-weight: 500; letter-spacing: -0.96px;\"><font size=\"6\">Refonte du site de SN S\u00e8te<\/font><\/span><span style=\"font-size: var(--wp--preset--font-size--heading-2); letter-spacing: var(--wp--custom--typography--letter-spacing--heading); text-align: var(--text-align); font-family: var(--wp--preset--font-family--dm-sans);\"><\/span><\/div><\/h2>\t\t\t\t<\/div>\n\t\t\t\t<\/div>\n\t\t\t\t\t<\/div>\n\t\t\t\t<\/div>\n\t\t<div class=\"elementor-element elementor-element-8fd3f94 e-flex e-con-boxed e-con e-parent\" data-id=\"8fd3f94\" data-element_type=\"container\">\n\t\t\t\t\t<div class=\"e-con-inner\">\n\t\t<div class=\"elementor-element elementor-element-7ec00c3 e-con-full e-flex e-con e-child\" data-id=\"7ec00c3\" data-element_type=\"container\">\n\t\t\t\t<div class=\"elementor-element elementor-element-bfadf9b elementor-widget__width-initial elementor-widget elementor-widget-image\" data-id=\"bfadf9b\" data-element_type=\"widget\" data-widget_type=\"image.default\">\n\t\t\t\t<div class=\"elementor-widget-container\">\n\t\t\t\t\t\t\t\t\t\t\t\t\t\t\t<img loading=\"lazy\" decoding=\"async\" width=\"1260\" height=\"840\" src=\"https:\/\/dnmade-sepr.fr\/2326\/alexane\/wp-content\/uploads\/2025\/04\/Capture-decran-2025-04-16-a-12.03.11.png\" class=\"attachment-2048x2048 size-2048x2048 wp-image-285\" alt=\"\" srcset=\"https:\/\/dnmade-sepr.fr\/2326\/alexane\/wp-content\/uploads\/2025\/04\/Capture-decran-2025-04-16-a-12.03.11.png 1260w, https:\/\/dnmade-sepr.fr\/2326\/alexane\/wp-content\/uploads\/2025\/04\/Capture-decran-2025-04-16-a-12.03.11-300x200.png 300w, https:\/\/dnmade-sepr.fr\/2326\/alexane\/wp-content\/uploads\/2025\/04\/Capture-decran-2025-04-16-a-12.03.11-1024x683.png 1024w, https:\/\/dnmade-sepr.fr\/2326\/alexane\/wp-content\/uploads\/2025\/04\/Capture-decran-2025-04-16-a-12.03.11-768x512.png 768w\" sizes=\"(max-width: 1260px) 100vw, 1260px\" \/>\t\t\t\t\t\t\t\t\t\t\t\t\t\t\t<\/div>\n\t\t\t\t<\/div>\n\t\t\t\t<div class=\"elementor-element elementor-element-b667266 elementor-align-center elementor-icon-list--layout-traditional elementor-list-item-link-full_width elementor-widget elementor-widget-icon-list\" data-id=\"b667266\" data-element_type=\"widget\" data-widget_type=\"icon-list.default\">\n\t\t\t\t<div class=\"elementor-widget-container\">\n\t\t\t\t\t\t\t<ul class=\"elementor-icon-list-items\">\n\t\t\t\t\t\t\t<li class=\"elementor-icon-list-item\">\n\t\t\t\t\t\t\t\t\t\t\t<span class=\"elementor-icon-list-icon\">\n\t\t\t\t\t\t\t<svg aria-hidden=\"true\" class=\"e-font-icon-svg e-fas-arrow-up\" viewBox=\"0 0 448 512\" xmlns=\"http:\/\/www.w3.org\/2000\/svg\"><path d=\"M34.9 289.5l-22.2-22.2c-9.4-9.4-9.4-24.6 0-33.9L207 39c9.4-9.4 24.6-9.4 33.9 0l194.3 194.3c9.4 9.4 9.4 24.6 0 33.9L413 289.4c-9.5 9.5-25 9.3-34.3-.4L264 168.6V456c0 13.3-10.7 24-24 24h-32c-13.3 0-24-10.7-24-24V168.6L69.2 289.1c-9.3 9.8-24.8 10-34.3.4z\"><\/path><\/svg>\t\t\t\t\t\t<\/span>\n\t\t\t\t\t\t\t\t\t\t<span class=\"elementor-icon-list-text\">Site original<\/span>\n\t\t\t\t\t\t\t\t\t<\/li>\n\t\t\t\t\t\t\t\t<li class=\"elementor-icon-list-item\">\n\t\t\t\t\t\t\t\t\t\t\t<span class=\"elementor-icon-list-icon\">\n\t\t\t\t\t\t\t<svg aria-hidden=\"true\" class=\"e-font-icon-svg e-fas-arrow-down\" viewBox=\"0 0 448 512\" xmlns=\"http:\/\/www.w3.org\/2000\/svg\"><path d=\"M413.1 222.5l22.2 22.2c9.4 9.4 9.4 24.6 0 33.9L241 473c-9.4 9.4-24.6 9.4-33.9 0L12.7 278.6c-9.4-9.4-9.4-24.6 0-33.9l22.2-22.2c9.5-9.5 25-9.3 34.3.4L184 343.4V56c0-13.3 10.7-24 24-24h32c13.3 0 24 10.7 24 24v287.4l114.8-120.5c9.3-9.8 24.8-10 34.3-.4z\"><\/path><\/svg>\t\t\t\t\t\t<\/span>\n\t\t\t\t\t\t\t\t\t\t<span class=\"elementor-icon-list-text\">Refonte<\/span>\n\t\t\t\t\t\t\t\t\t<\/li>\n\t\t\t\t\t\t<\/ul>\n\t\t\t\t\t\t<\/div>\n\t\t\t\t<\/div>\n\t\t\t\t<div class=\"elementor-element elementor-element-3c24129 elementor-widget elementor-widget-video\" data-id=\"3c24129\" data-element_type=\"widget\" data-settings=\"{&quot;video_type&quot;:&quot;hosted&quot;,&quot;autoplay&quot;:&quot;yes&quot;,&quot;play_on_mobile&quot;:&quot;yes&quot;,&quot;mute&quot;:&quot;yes&quot;,&quot;loop&quot;:&quot;yes&quot;,&quot;controls&quot;:&quot;yes&quot;}\" data-widget_type=\"video.default\">\n\t\t\t\t<div class=\"elementor-widget-container\">\n\t\t\t\t\t\t\t<div class=\"e-hosted-video elementor-wrapper elementor-open-inline\">\n\t\t\t\t\t<video class=\"elementor-video\" src=\"http:\/\/dnmade-sepr.fr\/2326\/alexane\/wp-content\/uploads\/2025\/04\/refonte-sn-sete.mp4\" autoplay=\"\" loop=\"\" controls=\"\" muted=\"muted\" playsinline=\"\" controlsList=\"nodownload\"><\/video>\n\t\t\t\t<\/div>\n\t\t\t\t\t\t<\/div>\n\t\t\t\t<\/div>\n\t\t\t\t<\/div>\n\t\t\t\t\t<\/div>\n\t\t\t\t<\/div>\n\t\t<div class=\"elementor-element elementor-element-4106625 e-flex e-con-boxed e-con e-parent\" data-id=\"4106625\" data-element_type=\"container\">\n\t\t\t\t\t<div class=\"e-con-inner\">\n\t\t\t\t<div class=\"elementor-element elementor-element-9b0396c elementor-widget elementor-widget-spacer\" data-id=\"9b0396c\" data-element_type=\"widget\" data-widget_type=\"spacer.default\">\n\t\t\t\t<div class=\"elementor-widget-container\">\n\t\t\t\t\t\t\t<div class=\"elementor-spacer\">\n\t\t\t<div class=\"elementor-spacer-inner\"><\/div>\n\t\t<\/div>\n\t\t\t\t\t\t<\/div>\n\t\t\t\t<\/div>\n\t\t\t\t\t<\/div>\n\t\t\t\t<\/div>\n\t\t\t\t<\/div>\n\t\t","protected":false},"excerpt":{"rendered":"<p>Lisibilit\u00e9 Exercice d&rsquo;exp\u00e9rimentation autour de la lisibilit\u00e9 et comment elle impacte la vision d&rsquo;une oeuvre. En haut : premi\u00e8res exp\u00e9rimentations num\u00e9riques. En bas : R\u00e9alisations plastiques Refonte du site de SN S\u00e8te Site original Refonte http:\/\/dnmade-sepr.fr\/2326\/alexane\/wp-content\/uploads\/2025\/04\/refonte-sn-sete.mp4<\/p>\n","protected":false},"author":1,"featured_media":0,"parent":0,"menu_order":4,"comment_status":"closed","ping_status":"closed","template":"","meta":{"footnotes":""},"class_list":["post-171","page","type-page","status-publish","hentry"],"_links":{"self":[{"href":"https:\/\/dnmade-sepr.fr\/2326\/alexane\/wp-json\/wp\/v2\/pages\/171","targetHints":{"allow":["GET"]}}],"collection":[{"href":"https:\/\/dnmade-sepr.fr\/2326\/alexane\/wp-json\/wp\/v2\/pages"}],"about":[{"href":"https:\/\/dnmade-sepr.fr\/2326\/alexane\/wp-json\/wp\/v2\/types\/page"}],"author":[{"embeddable":true,"href":"https:\/\/dnmade-sepr.fr\/2326\/alexane\/wp-json\/wp\/v2\/users\/1"}],"replies":[{"embeddable":true,"href":"https:\/\/dnmade-sepr.fr\/2326\/alexane\/wp-json\/wp\/v2\/comments?post=171"}],"version-history":[{"count":11,"href":"https:\/\/dnmade-sepr.fr\/2326\/alexane\/wp-json\/wp\/v2\/pages\/171\/revisions"}],"predecessor-version":[{"id":297,"href":"https:\/\/dnmade-sepr.fr\/2326\/alexane\/wp-json\/wp\/v2\/pages\/171\/revisions\/297"}],"wp:attachment":[{"href":"https:\/\/dnmade-sepr.fr\/2326\/alexane\/wp-json\/wp\/v2\/media?parent=171"}],"curies":[{"name":"wp","href":"https:\/\/api.w.org\/{rel}","templated":true}]}}