{"id":7,"date":"2025-03-17T09:27:59","date_gmt":"2025-03-17T08:27:59","guid":{"rendered":"https:\/\/dnmade-sepr.fr\/2326\/esther\/portfolio\/?page_id=7"},"modified":"2026-03-10T20:57:14","modified_gmt":"2026-03-10T19:57:14","slug":"a-propos","status":"publish","type":"page","link":"https:\/\/dnmade-sepr.fr\/2326\/esther\/portfolio\/a-propos\/","title":{"rendered":"\u00c0 PROPOS"},"content":{"rendered":"\t\t<div data-elementor-type=\"wp-page\" data-elementor-id=\"7\" class=\"elementor elementor-7\">\n\t\t\t\t<div class=\"elementor-element elementor-element-a68337b e-con-full e-flex e-con e-parent\" data-id=\"a68337b\" data-element_type=\"container\" data-settings=\"{&quot;background_background&quot;:&quot;classic&quot;}\">\n\t\t\t\t<div class=\"elementor-element elementor-element-4a58b15 elementor-widget elementor-widget-spacer\" data-id=\"4a58b15\" data-element_type=\"widget\" data-widget_type=\"spacer.default\">\n\t\t\t\t<div class=\"elementor-widget-container\">\n\t\t\t\t\t\t\t<div class=\"elementor-spacer\">\n\t\t\t<div class=\"elementor-spacer-inner\"><\/div>\n\t\t<\/div>\n\t\t\t\t\t\t<\/div>\n\t\t\t\t<\/div>\n\t\t<div class=\"elementor-element elementor-element-9a86e81 e-con-full e-flex e-con e-child\" data-id=\"9a86e81\" data-element_type=\"container\">\n\t\t\t\t<div class=\"elementor-element elementor-element-a98d01d elementor-widget elementor-widget-spacer\" data-id=\"a98d01d\" data-element_type=\"widget\" data-widget_type=\"spacer.default\">\n\t\t\t\t<div class=\"elementor-widget-container\">\n\t\t\t\t\t\t\t<div class=\"elementor-spacer\">\n\t\t\t<div class=\"elementor-spacer-inner\"><\/div>\n\t\t<\/div>\n\t\t\t\t\t\t<\/div>\n\t\t\t\t<\/div>\n\t\t\t\t<div class=\"elementor-element elementor-element-594e7d9 elementor-widget elementor-widget-image\" data-id=\"594e7d9\" data-element_type=\"widget\" data-widget_type=\"image.default\">\n\t\t\t\t<div class=\"elementor-widget-container\">\n\t\t\t\t\t\t\t\t\t\t\t\t\t\t\t<img fetchpriority=\"high\" decoding=\"async\" width=\"430\" height=\"480\" src=\"https:\/\/dnmade-sepr.fr\/2326\/esther\/portfolio\/wp-content\/uploads\/2026\/02\/IMG_1477.gif\" class=\"attachment-full size-full wp-image-1064\" alt=\"\" \/>\t\t\t\t\t\t\t\t\t\t\t\t\t\t\t<\/div>\n\t\t\t\t<\/div>\n\t\t\t\t<\/div>\n\t\t\t\t<div class=\"elementor-element elementor-element-29f03e1 elementor-widget elementor-widget-spacer\" data-id=\"29f03e1\" data-element_type=\"widget\" data-widget_type=\"spacer.default\">\n\t\t\t\t<div class=\"elementor-widget-container\">\n\t\t\t\t\t\t\t<div class=\"elementor-spacer\">\n\t\t\t<div class=\"elementor-spacer-inner\"><\/div>\n\t\t<\/div>\n\t\t\t\t\t\t<\/div>\n\t\t\t\t<\/div>\n\t\t<div class=\"elementor-element elementor-element-d0eed69 e-con-full e-flex e-con e-child\" data-id=\"d0eed69\" data-element_type=\"container\">\n\t\t\t\t<div class=\"elementor-element elementor-element-1f0e76d elementor-widget elementor-widget-spacer\" data-id=\"1f0e76d\" data-element_type=\"widget\" data-widget_type=\"spacer.default\">\n\t\t\t\t<div class=\"elementor-widget-container\">\n\t\t\t\t\t\t\t<div class=\"elementor-spacer\">\n\t\t\t<div class=\"elementor-spacer-inner\"><\/div>\n\t\t<\/div>\n\t\t\t\t\t\t<\/div>\n\t\t\t\t<\/div>\n\t\t\t\t<div class=\"elementor-element elementor-element-63eb642 elementor-widget elementor-widget-text-editor\" data-id=\"63eb642\" data-element_type=\"widget\" data-widget_type=\"text-editor.default\">\n\t\t\t\t<div class=\"elementor-widget-container\">\n\t\t\t\t\t\t\t\t\t<p data-pm-slice=\"1 1 []\">Je m\u2019appelle Esther Bregand, je suis \u00e9tudiante en 3e ann\u00e9e de design num\u00e9rique. Je m\u2019\u00e9panouis dans la diversit\u00e9 cr\u00e9ative et technique que ce domaine offre. Mes projets me permettent d\u2019explorer diff\u00e9rentes facettes du num\u00e9rique, comme le design d\u2019interface, mais aussi le travail d\u2019identit\u00e9 visuelle, tout en orientant ma pratique vers l\u2019audiovisuel, discipline dans laquelle je souhaite aujourd\u2019hui me sp\u00e9cialiser.<\/p><p data-pm-slice=\"1 1 []\">Marqu\u00e9e par mes recherches sur notre perception de l&rsquo;image num\u00e9rique lors de mon m\u00e9moire de recherche, je souhaite mettre mes comp\u00e9tences d\u2019analyse et de conception visuelle au service de projets audiovisuels.<\/p>\t\t\t\t\t\t\t\t<\/div>\n\t\t\t\t<\/div>\n\t\t\t\t<div class=\"elementor-element elementor-element-c24ecae elementor-widget elementor-widget-spacer\" data-id=\"c24ecae\" data-element_type=\"widget\" data-widget_type=\"spacer.default\">\n\t\t\t\t<div class=\"elementor-widget-container\">\n\t\t\t\t\t\t\t<div class=\"elementor-spacer\">\n\t\t\t<div class=\"elementor-spacer-inner\"><\/div>\n\t\t<\/div>\n\t\t\t\t\t\t<\/div>\n\t\t\t\t<\/div>\n\t\t\t\t<\/div>\n\t\t\t\t<div class=\"elementor-element elementor-element-100cd0c elementor-widget elementor-widget-spacer\" data-id=\"100cd0c\" data-element_type=\"widget\" data-widget_type=\"spacer.default\">\n\t\t\t\t<div class=\"elementor-widget-container\">\n\t\t\t\t\t\t\t<div class=\"elementor-spacer\">\n\t\t\t<div class=\"elementor-spacer-inner\"><\/div>\n\t\t<\/div>\n\t\t\t\t\t\t<\/div>\n\t\t\t\t<\/div>\n\t\t\t\t<\/div>\n\t\t\t\t<\/div>\n\t\t","protected":false},"excerpt":{"rendered":"<p>Je m\u2019appelle Esther Bregand, je suis \u00e9tudiante en 3e ann\u00e9e de design num\u00e9rique. Je m\u2019\u00e9panouis dans la diversit\u00e9 cr\u00e9ative et technique que ce domaine offre. Mes projets me permettent d\u2019explorer diff\u00e9rentes facettes du num\u00e9rique, comme le design d\u2019interface, mais aussi le travail d\u2019identit\u00e9 visuelle, tout en orientant ma pratique vers l\u2019audiovisuel, discipline dans laquelle je [&hellip;]<\/p>\n","protected":false},"author":1,"featured_media":0,"parent":0,"menu_order":0,"comment_status":"closed","ping_status":"closed","template":"","meta":{"footnotes":""},"class_list":["post-7","page","type-page","status-publish","hentry"],"_links":{"self":[{"href":"https:\/\/dnmade-sepr.fr\/2326\/esther\/portfolio\/wp-json\/wp\/v2\/pages\/7","targetHints":{"allow":["GET"]}}],"collection":[{"href":"https:\/\/dnmade-sepr.fr\/2326\/esther\/portfolio\/wp-json\/wp\/v2\/pages"}],"about":[{"href":"https:\/\/dnmade-sepr.fr\/2326\/esther\/portfolio\/wp-json\/wp\/v2\/types\/page"}],"author":[{"embeddable":true,"href":"https:\/\/dnmade-sepr.fr\/2326\/esther\/portfolio\/wp-json\/wp\/v2\/users\/1"}],"replies":[{"embeddable":true,"href":"https:\/\/dnmade-sepr.fr\/2326\/esther\/portfolio\/wp-json\/wp\/v2\/comments?post=7"}],"version-history":[{"count":43,"href":"https:\/\/dnmade-sepr.fr\/2326\/esther\/portfolio\/wp-json\/wp\/v2\/pages\/7\/revisions"}],"predecessor-version":[{"id":1602,"href":"https:\/\/dnmade-sepr.fr\/2326\/esther\/portfolio\/wp-json\/wp\/v2\/pages\/7\/revisions\/1602"}],"wp:attachment":[{"href":"https:\/\/dnmade-sepr.fr\/2326\/esther\/portfolio\/wp-json\/wp\/v2\/media?parent=7"}],"curies":[{"name":"wp","href":"https:\/\/api.w.org\/{rel}","templated":true}]}}