{"id":429,"date":"2026-03-06T16:04:07","date_gmt":"2026-03-06T15:04:07","guid":{"rendered":"https:\/\/dnmade-sepr.fr\/2326\/jenna\/crnl\/?page_id=429"},"modified":"2026-04-30T13:28:37","modified_gmt":"2026-04-30T11:28:37","slug":"accueil","status":"publish","type":"page","link":"https:\/\/dnmade-sepr.fr\/2326\/jenna\/crnl\/","title":{"rendered":"Accueil"},"content":{"rendered":"\t\t<div data-elementor-type=\"wp-page\" data-elementor-id=\"429\" class=\"elementor elementor-429\">\n\t\t\t\t<div class=\"elementor-element elementor-element-551ca10 e-con-full e-flex e-con e-parent\" data-id=\"551ca10\" data-element_type=\"container\" data-e-type=\"container\" data-settings=\"{&quot;background_background&quot;:&quot;classic&quot;}\">\n\t\t<div class=\"elementor-element elementor-element-82c7c73 e-grid e-con-full e-con e-child\" data-id=\"82c7c73\" data-element_type=\"container\" data-e-type=\"container\">\n\t\t<div class=\"elementor-element elementor-element-1c4acc6 e-con-full e-flex e-con e-child\" data-id=\"1c4acc6\" data-element_type=\"container\" data-e-type=\"container\">\n\t\t<div class=\"elementor-element elementor-element-fa3ffad e-grid e-con-full e-con e-child\" data-id=\"fa3ffad\" data-element_type=\"container\" data-e-type=\"container\">\n\t\t<div class=\"elementor-element elementor-element-ea42a9d e-con-full e-flex e-con e-child\" data-id=\"ea42a9d\" data-element_type=\"container\" data-e-type=\"container\">\n\t\t\t\t<\/div>\n\t\t<div class=\"elementor-element elementor-element-a3dcced e-con-full e-flex e-con e-child\" data-id=\"a3dcced\" data-element_type=\"container\" data-e-type=\"container\" data-settings=\"{&quot;background_background&quot;:&quot;classic&quot;}\">\n\t\t\t\t<div class=\"elementor-element elementor-element-65f7106 elementor-align-center elementor-widget elementor-widget-button\" data-id=\"65f7106\" data-element_type=\"widget\" data-e-type=\"widget\" data-widget_type=\"button.default\">\n\t\t\t\t\t\t\t\t\t\t<a class=\"elementor-button elementor-button-link elementor-size-sm\" href=\"#\">\n\t\t\t\t\t\t<span class=\"elementor-button-content-wrapper\">\n\t\t\t\t\t\t\t\t\t<span class=\"elementor-button-text\">LA PR\u00c9VENTION ET L\u2019ACCOMPAGNEMENT DES RISQUES PSYCHO-SOCIAUX<\/span>\n\t\t\t\t\t<\/span>\n\t\t\t\t\t<\/a>\n\t\t\t\t\t\t\t\t<\/div>\n\t\t\t\t<\/div>\n\t\t<div class=\"elementor-element elementor-element-0be822c e-con-full e-flex e-con e-child\" data-id=\"0be822c\" data-element_type=\"container\" data-e-type=\"container\">\n\t\t\t\t<div class=\"elementor-element elementor-element-cb05935 elementor-widget elementor-widget-heading\" data-id=\"cb05935\" data-element_type=\"widget\" data-e-type=\"widget\" data-widget_type=\"heading.default\">\n\t\t\t\t\t<h2 class=\"elementor-heading-title elementor-size-default\">Les risques psychosociaux (RPS) correspondent \u00e0 des situations de travail o\u00f9 sont pr\u00e9sents, combin\u00e9s ou non\u00a0: du\u00a0stress, des\u00a0violences internes, des\u00a0violences externes. Les RPS doivent \u00eatre pris en compte au m\u00eame titre que les autres risques professionnels. Pour pr\u00e9venir les RPS, une d\u00e9marche de pr\u00e9vention collective, centr\u00e9e sur le travail et son organisation est \u00e0 privil\u00e9gier.  <\/br>\nCe site vous donnera les ressources n\u00e9cessaires pour vous orienter sur la question des RPS via deux points d\u2019entr\u00e9e\u00a0:<\/h2>\t\t\t\t<\/div>\n\t\t\t\t<\/div>\n\t\t<div class=\"elementor-element elementor-element-ca4037d e-con-full e-flex e-con e-child\" data-id=\"ca4037d\" data-element_type=\"container\" data-e-type=\"container\">\n\t\t\t\t<\/div>\n\t\t<div class=\"elementor-element elementor-element-7ad32ba e-con-full e-flex e-con e-child\" data-id=\"7ad32ba\" data-element_type=\"container\" data-e-type=\"container\">\n\t\t\t\t<\/div>\n\t\t<div class=\"elementor-element elementor-element-241bef4 e-con-full e-flex e-con e-child\" data-id=\"241bef4\" data-element_type=\"container\" data-e-type=\"container\">\n\t\t<div class=\"elementor-element elementor-element-1a48e7a e-grid e-con-full e-con e-child\" data-id=\"1a48e7a\" data-element_type=\"container\" data-e-type=\"container\">\n\t\t\t\t<div class=\"elementor-element elementor-element-b4cfc3a elementor-align-center elementor-widget elementor-widget-button\" data-id=\"b4cfc3a\" data-element_type=\"widget\" data-e-type=\"widget\" data-widget_type=\"button.default\">\n\t\t\t\t\t\t\t\t\t\t<a class=\"elementor-button elementor-button-link elementor-size-sm\" href=\"https:\/\/dnmade-sepr.fr\/2326\/jenna\/crnl\/jai-besoin-daide\/\">\n\t\t\t\t\t\t<span class=\"elementor-button-content-wrapper\">\n\t\t\t\t\t\t\t\t\t<span class=\"elementor-button-text\">J'AI BESOIN D'AIDE (vous avez le choix de vous diriger vers un dispositif ou autre en lien avec vos attentes, votre sensibilit\u00e9 et vos affinit\u00e9s)<\/span>\n\t\t\t\t\t<\/span>\n\t\t\t\t\t<\/a>\n\t\t\t\t\t\t\t\t<\/div>\n\t\t\t\t<div class=\"elementor-element elementor-element-2d4d575 elementor-align-left elementor-widget elementor-widget-button\" data-id=\"2d4d575\" data-element_type=\"widget\" data-e-type=\"widget\" data-widget_type=\"button.default\">\n\t\t\t\t\t\t\t\t\t\t<a class=\"elementor-button elementor-button-link elementor-size-sm\" href=\"https:\/\/dnmade-sepr.fr\/2326\/jenna\/crnl\/dispositifs-prevention-et-accompagnement-2\/\">\n\t\t\t\t\t\t<span class=\"elementor-button-content-wrapper\">\n\t\t\t\t\t\t\t\t\t<span class=\"elementor-button-text\">DISPOSITIFS PR\u00c9VENTION ET ACCOMP.<\/span>\n\t\t\t\t\t<\/span>\n\t\t\t\t\t<\/a>\n\t\t\t\t\t\t\t\t<\/div>\n\t\t\t\t<\/div>\n\t\t\t\t<\/div>\n\t\t\t\t<\/div>\n\t\t\t\t<\/div>\n\t\t<div class=\"elementor-element elementor-element-c392f77 e-con-full e-flex e-con e-child\" data-id=\"c392f77\" data-element_type=\"container\" data-e-type=\"container\">\n\t\t\t\t<\/div>\n\t\t<div class=\"elementor-element elementor-element-b9ed728 e-con-full e-flex e-con e-child\" data-id=\"b9ed728\" data-element_type=\"container\" data-e-type=\"container\">\n\t\t<div class=\"elementor-element elementor-element-90cc216 e-grid e-con-full e-con e-child\" data-id=\"90cc216\" data-element_type=\"container\" data-e-type=\"container\" data-settings=\"{&quot;background_background&quot;:&quot;classic&quot;}\">\n\t\t\t\t<div class=\"elementor-element elementor-element-5aa734b elementor-widget elementor-widget-image\" data-id=\"5aa734b\" data-element_type=\"widget\" data-e-type=\"widget\" data-widget_type=\"image.default\">\n\t\t\t\t\t\t\t\t\t\t\t\t\t\t\t<img fetchpriority=\"high\" decoding=\"async\" width=\"1024\" height=\"1024\" src=\"https:\/\/dnmade-sepr.fr\/2326\/jenna\/crnl\/wp-content\/uploads\/2026\/03\/vecteezy_profile-icon-design-vector_5544718-1024x1024.jpg\" class=\"attachment-large size-large wp-image-52\" alt=\"\" srcset=\"https:\/\/dnmade-sepr.fr\/2326\/jenna\/crnl\/wp-content\/uploads\/2026\/03\/vecteezy_profile-icon-design-vector_5544718-1024x1024.jpg 1024w, https:\/\/dnmade-sepr.fr\/2326\/jenna\/crnl\/wp-content\/uploads\/2026\/03\/vecteezy_profile-icon-design-vector_5544718-300x300.jpg 300w, https:\/\/dnmade-sepr.fr\/2326\/jenna\/crnl\/wp-content\/uploads\/2026\/03\/vecteezy_profile-icon-design-vector_5544718-150x150.jpg 150w, https:\/\/dnmade-sepr.fr\/2326\/jenna\/crnl\/wp-content\/uploads\/2026\/03\/vecteezy_profile-icon-design-vector_5544718-768x768.jpg 768w, https:\/\/dnmade-sepr.fr\/2326\/jenna\/crnl\/wp-content\/uploads\/2026\/03\/vecteezy_profile-icon-design-vector_5544718-1536x1536.jpg 1536w, https:\/\/dnmade-sepr.fr\/2326\/jenna\/crnl\/wp-content\/uploads\/2026\/03\/vecteezy_profile-icon-design-vector_5544718.jpg 1920w\" sizes=\"(max-width: 1024px) 100vw, 1024px\" \/>\t\t\t\t\t\t\t\t\t\t\t\t\t\t\t<\/div>\n\t\t\t\t<div class=\"elementor-element elementor-element-7474308 elementor-widget elementor-widget-image\" data-id=\"7474308\" data-element_type=\"widget\" data-e-type=\"widget\" data-settings=\"{&quot;_animation&quot;:&quot;none&quot;}\" data-widget_type=\"image.default\">\n\t\t\t\t\t\t\t\t\t\t\t\t\t\t\t\t<a href=\"https:\/\/dnmade-sepr.fr\/2326\/jenna\/crnl\/jai-besoin-daide\/\">\n\t\t\t\t\t\t\t<img decoding=\"async\" width=\"275\" height=\"118\" src=\"https:\/\/dnmade-sepr.fr\/2326\/jenna\/crnl\/wp-content\/uploads\/2026\/03\/Fichier-10.png\" class=\"attachment-large size-large wp-image-1146\" alt=\"\" \/>\t\t\t\t\t\t\t\t<\/a>\n\t\t\t\t\t\t\t\t\t\t\t\t\t\t\t<\/div>\n\t\t\t\t<div class=\"elementor-element elementor-element-7b77a9d elementor-widget elementor-widget-image\" data-id=\"7b77a9d\" data-element_type=\"widget\" data-e-type=\"widget\" data-settings=\"{&quot;_animation&quot;:&quot;none&quot;}\" data-widget_type=\"image.default\">\n\t\t\t\t\t\t\t\t\t\t\t\t\t\t\t\t<a href=\"https:\/\/dnmade-sepr.fr\/2326\/jenna\/crnl\/dispositifs-prev\u2026accompagnement-2\/\">\n\t\t\t\t\t\t\t<img decoding=\"async\" width=\"274\" height=\"117\" src=\"https:\/\/dnmade-sepr.fr\/2326\/jenna\/crnl\/wp-content\/uploads\/2026\/03\/Fichier-8.png\" class=\"attachment-large size-large wp-image-1138\" alt=\"\" \/>\t\t\t\t\t\t\t\t<\/a>\n\t\t\t\t\t\t\t\t\t\t\t\t\t\t\t<\/div>\n\t\t\t\t<div class=\"elementor-element elementor-element-44c46ac elementor-widget elementor-widget-image\" data-id=\"44c46ac\" data-element_type=\"widget\" data-e-type=\"widget\" data-widget_type=\"image.default\">\n\t\t\t\t\t\t\t\t\t\t\t\t\t\t\t<img loading=\"lazy\" decoding=\"async\" width=\"1024\" height=\"1024\" src=\"https:\/\/dnmade-sepr.fr\/2326\/jenna\/crnl\/wp-content\/uploads\/2026\/03\/vecteezy_eye-icon-black-and-white-human-vision-symbol-on-clear_70160981-1024x1024.jpg\" class=\"attachment-large size-large wp-image-65\" alt=\"\" srcset=\"https:\/\/dnmade-sepr.fr\/2326\/jenna\/crnl\/wp-content\/uploads\/2026\/03\/vecteezy_eye-icon-black-and-white-human-vision-symbol-on-clear_70160981-1024x1024.jpg 1024w, https:\/\/dnmade-sepr.fr\/2326\/jenna\/crnl\/wp-content\/uploads\/2026\/03\/vecteezy_eye-icon-black-and-white-human-vision-symbol-on-clear_70160981-300x300.jpg 300w, https:\/\/dnmade-sepr.fr\/2326\/jenna\/crnl\/wp-content\/uploads\/2026\/03\/vecteezy_eye-icon-black-and-white-human-vision-symbol-on-clear_70160981-150x150.jpg 150w, https:\/\/dnmade-sepr.fr\/2326\/jenna\/crnl\/wp-content\/uploads\/2026\/03\/vecteezy_eye-icon-black-and-white-human-vision-symbol-on-clear_70160981-768x768.jpg 768w, https:\/\/dnmade-sepr.fr\/2326\/jenna\/crnl\/wp-content\/uploads\/2026\/03\/vecteezy_eye-icon-black-and-white-human-vision-symbol-on-clear_70160981-1536x1536.jpg 1536w, https:\/\/dnmade-sepr.fr\/2326\/jenna\/crnl\/wp-content\/uploads\/2026\/03\/vecteezy_eye-icon-black-and-white-human-vision-symbol-on-clear_70160981.jpg 1920w\" sizes=\"(max-width: 1024px) 100vw, 1024px\" \/>\t\t\t\t\t\t\t\t\t\t\t\t\t\t\t<\/div>\n\t\t\t\t<\/div>\n\t\t\t\t<\/div>\n\t\t\t\t<\/div>\n\t\t\t\t<\/div>\n\t\t\t\t<\/div>\n\t\t","protected":false},"excerpt":{"rendered":"<p>LA PR\u00c9VENTION ET L\u2019ACCOMPAGNEMENT DES RISQUES PSYCHO-SOCIAUX Les risques psychosociaux (RPS) correspondent \u00e0 des situations de travail o\u00f9 sont pr\u00e9sents, [&hellip;]<\/p>\n","protected":false},"author":1,"featured_media":0,"parent":0,"menu_order":0,"comment_status":"closed","ping_status":"closed","template":"","meta":{"site-sidebar-layout":"no-sidebar","site-content-layout":"","ast-site-content-layout":"full-width-container","site-content-style":"default","site-sidebar-style":"default","ast-global-header-display":"","ast-banner-title-visibility":"","ast-main-header-display":"","ast-hfb-above-header-display":"","ast-hfb-below-header-display":"","ast-hfb-mobile-header-display":"","site-post-title":"","ast-breadcrumbs-content":"","ast-featured-img":"disabled","footer-sml-layout":"","ast-disable-related-posts":"","theme-transparent-header-meta":"default","adv-header-id-meta":"","stick-header-meta":"","header-above-stick-meta":"","header-main-stick-meta":"","header-below-stick-meta":"","astra-migrate-meta-layouts":"set","ast-page-background-enabled":"default","ast-page-background-meta":{"desktop":{"background-color":"var(--ast-global-color-5)","background-image":"","background-repeat":"repeat","background-position":"center center","background-size":"auto","background-attachment":"scroll","background-type":"","background-media":"","overlay-type":"","overlay-color":"","overlay-opacity":"","overlay-gradient":""},"tablet":{"background-color":"","background-image":"","background-repeat":"repeat","background-position":"center center","background-size":"auto","background-attachment":"scroll","background-type":"","background-media":"","overlay-type":"","overlay-color":"","overlay-opacity":"","overlay-gradient":""},"mobile":{"background-color":"","background-image":"","background-repeat":"repeat","background-position":"center center","background-size":"auto","background-attachment":"scroll","background-type":"","background-media":"","overlay-type":"","overlay-color":"","overlay-opacity":"","overlay-gradient":""}},"ast-content-background-meta":{"desktop":{"background-color":"var(--ast-global-color-4)","background-image":"","background-repeat":"repeat","background-position":"center center","background-size":"auto","background-attachment":"scroll","background-type":"","background-media":"","overlay-type":"","overlay-color":"","overlay-opacity":"","overlay-gradient":""},"tablet":{"background-color":"var(--ast-global-color-4)","background-image":"","background-repeat":"repeat","background-position":"center center","background-size":"auto","background-attachment":"scroll","background-type":"","background-media":"","overlay-type":"","overlay-color":"","overlay-opacity":"","overlay-gradient":""},"mobile":{"background-color":"var(--ast-global-color-4)","background-image":"","background-repeat":"repeat","background-position":"center center","background-size":"auto","background-attachment":"scroll","background-type":"","background-media":"","overlay-type":"","overlay-color":"","overlay-opacity":"","overlay-gradient":""}},"footnotes":""},"class_list":["post-429","page","type-page","status-publish","hentry"],"_links":{"self":[{"href":"https:\/\/dnmade-sepr.fr\/2326\/jenna\/crnl\/wp-json\/wp\/v2\/pages\/429","targetHints":{"allow":["GET"]}}],"collection":[{"href":"https:\/\/dnmade-sepr.fr\/2326\/jenna\/crnl\/wp-json\/wp\/v2\/pages"}],"about":[{"href":"https:\/\/dnmade-sepr.fr\/2326\/jenna\/crnl\/wp-json\/wp\/v2\/types\/page"}],"author":[{"embeddable":true,"href":"https:\/\/dnmade-sepr.fr\/2326\/jenna\/crnl\/wp-json\/wp\/v2\/users\/1"}],"replies":[{"embeddable":true,"href":"https:\/\/dnmade-sepr.fr\/2326\/jenna\/crnl\/wp-json\/wp\/v2\/comments?post=429"}],"version-history":[{"count":373,"href":"https:\/\/dnmade-sepr.fr\/2326\/jenna\/crnl\/wp-json\/wp\/v2\/pages\/429\/revisions"}],"predecessor-version":[{"id":3552,"href":"https:\/\/dnmade-sepr.fr\/2326\/jenna\/crnl\/wp-json\/wp\/v2\/pages\/429\/revisions\/3552"}],"wp:attachment":[{"href":"https:\/\/dnmade-sepr.fr\/2326\/jenna\/crnl\/wp-json\/wp\/v2\/media?parent=429"}],"curies":[{"name":"wp","href":"https:\/\/api.w.org\/{rel}","templated":true}]}}