{"id":493,"date":"2026-03-06T16:44:58","date_gmt":"2026-03-06T15:44:58","guid":{"rendered":"https:\/\/dnmade-sepr.fr\/2326\/jenna\/crnl\/?page_id=493"},"modified":"2026-03-26T12:08:34","modified_gmt":"2026-03-26T11:08:34","slug":"dispositifs-prevention-et-accompagnement","status":"publish","type":"page","link":"https:\/\/dnmade-sepr.fr\/2326\/jenna\/crnl\/dispositifs-prevention-et-accompagnement\/","title":{"rendered":"DISPOSITIFS &#8211; Tutelles"},"content":{"rendered":"\t\t<div data-elementor-type=\"wp-page\" data-elementor-id=\"493\" class=\"elementor elementor-493\">\n\t\t\t\t<div class=\"elementor-element elementor-element-551ca10 e-con-full e-flex e-con e-parent\" data-id=\"551ca10\" data-element_type=\"container\" data-e-type=\"container\" data-settings=\"{&quot;background_background&quot;:&quot;classic&quot;}\">\n\t\t<div class=\"elementor-element elementor-element-957a991 e-grid e-con-full e-con e-child\" data-id=\"957a991\" data-element_type=\"container\" data-e-type=\"container\">\n\t\t<div class=\"elementor-element elementor-element-fe44564 e-con-full e-flex e-con e-child\" data-id=\"fe44564\" data-element_type=\"container\" data-e-type=\"container\">\n\t\t<div class=\"elementor-element elementor-element-df76fb2 e-grid e-con-full e-con e-child\" data-id=\"df76fb2\" data-element_type=\"container\" data-e-type=\"container\">\n\t\t<div class=\"elementor-element elementor-element-1ef71a8 e-con-full e-flex e-con e-child\" data-id=\"1ef71a8\" data-element_type=\"container\" data-e-type=\"container\">\n\t\t\t\t<\/div>\n\t\t<div class=\"elementor-element elementor-element-6feacff e-con-full e-flex e-con e-child\" data-id=\"6feacff\" data-element_type=\"container\" data-e-type=\"container\" data-settings=\"{&quot;background_background&quot;:&quot;classic&quot;}\">\n\t\t\t\t<div class=\"elementor-element elementor-element-d38083b elementor-align-center elementor-widget elementor-widget-button\" data-id=\"d38083b\" data-element_type=\"widget\" data-e-type=\"widget\" data-widget_type=\"button.default\">\n\t\t\t\t\t\t\t\t\t\t<a class=\"elementor-button elementor-button-link elementor-size-sm\" href=\"#\">\n\t\t\t\t\t\t<span class=\"elementor-button-content-wrapper\">\n\t\t\t\t\t\t\t\t\t<span class=\"elementor-button-text\">TUTELLES<\/span>\n\t\t\t\t\t<\/span>\n\t\t\t\t\t<\/a>\n\t\t\t\t\t\t\t\t<\/div>\n\t\t\t\t<\/div>\n\t\t<div class=\"elementor-element elementor-element-6c6534e e-con-full e-flex e-con e-child\" data-id=\"6c6534e\" data-element_type=\"container\" data-e-type=\"container\">\n\t\t\t\t<div class=\"elementor-element elementor-element-3cc9b0e elementor-align-justify elementor-widget elementor-widget-button\" data-id=\"3cc9b0e\" data-element_type=\"widget\" data-e-type=\"widget\" data-widget_type=\"button.default\">\n\t\t\t\t\t\t\t\t\t\t<a class=\"elementor-button elementor-button-link elementor-size-sm\" href=\"#\">\n\t\t\t\t\t\t<span class=\"elementor-button-content-wrapper\">\n\t\t\t\t\t\t\t\t\t<span class=\"elementor-button-text\">Cellule signalement<\/span>\n\t\t\t\t\t<\/span>\n\t\t\t\t\t<\/a>\n\t\t\t\t\t\t\t\t<\/div>\n\t\t\t\t<\/div>\n\t\t<div class=\"elementor-element elementor-element-2cb13ec e-con-full e-flex e-con e-child\" data-id=\"2cb13ec\" data-element_type=\"container\" data-e-type=\"container\">\n\t\t\t\t<div class=\"elementor-element elementor-element-7a8cbef elementor-align-justify elementor-widget elementor-widget-button\" data-id=\"7a8cbef\" data-element_type=\"widget\" data-e-type=\"widget\" data-widget_type=\"button.default\">\n\t\t\t\t\t\t\t\t\t\t<a class=\"elementor-button elementor-button-link elementor-size-sm\" href=\"#\">\n\t\t\t\t\t\t<span class=\"elementor-button-content-wrapper\">\n\t\t\t\t\t\t\t\t\t<span class=\"elementor-button-text\">M\u00e9diateur \/ m\u00e9diatrice<\/span>\n\t\t\t\t\t<\/span>\n\t\t\t\t\t<\/a>\n\t\t\t\t\t\t\t\t<\/div>\n\t\t\t\t<\/div>\n\t\t<div class=\"elementor-element elementor-element-75df3c4 e-con-full e-flex e-con e-child\" data-id=\"75df3c4\" data-element_type=\"container\" data-e-type=\"container\">\n\t\t\t\t<div class=\"elementor-element elementor-element-8e75974 elementor-align-justify elementor-widget elementor-widget-button\" data-id=\"8e75974\" data-element_type=\"widget\" data-e-type=\"widget\" data-widget_type=\"button.default\">\n\t\t\t\t\t\t\t\t\t\t<a class=\"elementor-button elementor-button-link elementor-size-sm\" href=\"#\">\n\t\t\t\t\t\t<span class=\"elementor-button-content-wrapper\">\n\t\t\t\t\t\t\t\t\t<span class=\"elementor-button-text\">M\u00e9decin du travail<\/span>\n\t\t\t\t\t<\/span>\n\t\t\t\t\t<\/a>\n\t\t\t\t\t\t\t\t<\/div>\n\t\t\t\t<\/div>\n\t\t<div class=\"elementor-element elementor-element-9f73896 e-con-full e-flex e-con e-child\" data-id=\"9f73896\" data-element_type=\"container\" data-e-type=\"container\">\n\t\t\t\t<div class=\"elementor-element elementor-element-f16bcc4 elementor-align-justify elementor-widget elementor-widget-button\" data-id=\"f16bcc4\" data-element_type=\"widget\" data-e-type=\"widget\" data-widget_type=\"button.default\">\n\t\t\t\t\t\t\t\t\t\t<a class=\"elementor-button elementor-button-link elementor-size-sm\" href=\"#\">\n\t\t\t\t\t\t<span class=\"elementor-button-content-wrapper\">\n\t\t\t\t\t\t\t\t\t<span class=\"elementor-button-text\">Services RH<\/span>\n\t\t\t\t\t<\/span>\n\t\t\t\t\t<\/a>\n\t\t\t\t\t\t\t\t<\/div>\n\t\t\t\t<\/div>\n\t\t<div class=\"elementor-element elementor-element-4e27723 e-con-full e-flex e-con e-child\" data-id=\"4e27723\" data-element_type=\"container\" data-e-type=\"container\">\n\t\t\t\t<div class=\"elementor-element elementor-element-bd68de3 elementor-align-justify elementor-widget elementor-widget-button\" data-id=\"bd68de3\" data-element_type=\"widget\" data-e-type=\"widget\" data-widget_type=\"button.default\">\n\t\t\t\t\t\t\t\t\t\t<a class=\"elementor-button elementor-button-link elementor-size-sm\" href=\"https:\/\/dnmade-sepr.fr\/2326\/jenna\/crnl\/psychologue-du-travail-2\/\">\n\t\t\t\t\t\t<span class=\"elementor-button-content-wrapper\">\n\t\t\t\t\t\t<span class=\"elementor-button-icon\">\n\t\t\t\t<svg aria-hidden=\"true\" class=\"e-font-icon-svg e-far-arrow-alt-circle-right\" viewBox=\"0 0 512 512\" xmlns=\"http:\/\/www.w3.org\/2000\/svg\"><path d=\"M504 256C504 119 393 8 256 8S8 119 8 256s111 248 248 248 248-111 248-248zm-448 0c0-110.5 89.5-200 200-200s200 89.5 200 200-89.5 200-200 200S56 366.5 56 256zm72 20v-40c0-6.6 5.4-12 12-12h116v-67c0-10.7 12.9-16 20.5-8.5l99 99c4.7 4.7 4.7 12.3 0 17l-99 99c-7.6 7.6-20.5 2.2-20.5-8.5v-67H140c-6.6 0-12-5.4-12-12z\"><\/path><\/svg>\t\t\t<\/span>\n\t\t\t\t\t\t\t\t\t<span class=\"elementor-button-text\">Psychologue du travail<\/span>\n\t\t\t\t\t<\/span>\n\t\t\t\t\t<\/a>\n\t\t\t\t\t\t\t\t<\/div>\n\t\t\t\t<\/div>\n\t\t\t\t<\/div>\n\t\t\t\t<\/div>\n\t\t<div class=\"elementor-element elementor-element-ce4ca12 e-con-full e-flex e-con e-child\" data-id=\"ce4ca12\" data-element_type=\"container\" data-e-type=\"container\">\n\t\t<div class=\"elementor-element elementor-element-5d50c4c e-grid e-con-full e-con e-child\" data-id=\"5d50c4c\" data-element_type=\"container\" data-e-type=\"container\">\n\t\t<div class=\"elementor-element elementor-element-e1f21b5 e-con-full e-flex e-con e-child\" data-id=\"e1f21b5\" data-element_type=\"container\" data-e-type=\"container\">\n\t\t\t\t<\/div>\n\t\t<div class=\"elementor-element elementor-element-e5c5b52 e-con-full e-flex e-con e-child\" data-id=\"e5c5b52\" data-element_type=\"container\" data-e-type=\"container\" data-settings=\"{&quot;background_background&quot;:&quot;classic&quot;}\">\n\t\t\t\t<\/div>\n\t\t<div class=\"elementor-element elementor-element-edf574e e-con-full e-flex e-con e-child\" data-id=\"edf574e\" data-element_type=\"container\" data-e-type=\"container\">\n\t\t\t\t<div class=\"elementor-element elementor-element-44e74be elementor-align-justify elementor-widget elementor-widget-button\" data-id=\"44e74be\" data-element_type=\"widget\" data-e-type=\"widget\" data-widget_type=\"button.default\">\n\t\t\t\t\t\t\t\t\t\t<a class=\"elementor-button elementor-button-link elementor-size-sm\" href=\"#\">\n\t\t\t\t\t\t<span class=\"elementor-button-content-wrapper\">\n\t\t\t\t\t\t\t\t\t<span class=\"elementor-button-text\">R\u00e9f\u00e9rents handicap<\/span>\n\t\t\t\t\t<\/span>\n\t\t\t\t\t<\/a>\n\t\t\t\t\t\t\t\t<\/div>\n\t\t\t\t<\/div>\n\t\t<div class=\"elementor-element elementor-element-d680d1b e-con-full e-flex e-con e-child\" data-id=\"d680d1b\" data-element_type=\"container\" data-e-type=\"container\">\n\t\t\t\t<div class=\"elementor-element elementor-element-c1433a9 elementor-align-justify elementor-widget elementor-widget-button\" data-id=\"c1433a9\" data-element_type=\"widget\" data-e-type=\"widget\" data-widget_type=\"button.default\">\n\t\t\t\t\t\t\t\t\t\t<a class=\"elementor-button elementor-button-link elementor-size-sm\" href=\"#\">\n\t\t\t\t\t\t<span class=\"elementor-button-content-wrapper\">\n\t\t\t\t\t\t\t\t\t<span class=\"elementor-button-text\">Groupe ressource UCBL<\/span>\n\t\t\t\t\t<\/span>\n\t\t\t\t\t<\/a>\n\t\t\t\t\t\t\t\t<\/div>\n\t\t\t\t<\/div>\n\t\t<div class=\"elementor-element elementor-element-f86412e e-con-full e-flex e-con e-child\" data-id=\"f86412e\" data-element_type=\"container\" data-e-type=\"container\">\n\t\t\t\t<div class=\"elementor-element elementor-element-bb363e6 elementor-align-justify elementor-widget elementor-widget-button\" data-id=\"bb363e6\" data-element_type=\"widget\" data-e-type=\"widget\" data-widget_type=\"button.default\">\n\t\t\t\t\t\t\t\t\t\t<a class=\"elementor-button elementor-button-link elementor-size-sm\" href=\"#\">\n\t\t\t\t\t\t<span class=\"elementor-button-content-wrapper\">\n\t\t\t\t\t\t\t\t\t<span class=\"elementor-button-text\">Correspondants \u00e9galit\u00e9 diversit\u00e9<\/span>\n\t\t\t\t\t<\/span>\n\t\t\t\t\t<\/a>\n\t\t\t\t\t\t\t\t<\/div>\n\t\t\t\t<\/div>\n\t\t<div class=\"elementor-element elementor-element-553ae6c e-con-full e-flex e-con e-child\" data-id=\"553ae6c\" data-element_type=\"container\" data-e-type=\"container\">\n\t\t\t\t<div class=\"elementor-element elementor-element-666b974 elementor-align-justify elementor-widget elementor-widget-button\" data-id=\"666b974\" data-element_type=\"widget\" data-e-type=\"widget\" data-widget_type=\"button.default\">\n\t\t\t\t\t\t\t\t\t\t<a class=\"elementor-button elementor-button-link elementor-size-sm\" href=\"#\">\n\t\t\t\t\t\t<span class=\"elementor-button-content-wrapper\">\n\t\t\t\t\t\t\t\t\t<span class=\"elementor-button-text\">Services de pr\u00e9vention<\/span>\n\t\t\t\t\t<\/span>\n\t\t\t\t\t<\/a>\n\t\t\t\t\t\t\t\t<\/div>\n\t\t\t\t<\/div>\n\t\t<div class=\"elementor-element elementor-element-ab2e2bd e-con-full e-flex e-con e-child\" data-id=\"ab2e2bd\" data-element_type=\"container\" data-e-type=\"container\">\n\t\t\t\t<div class=\"elementor-element elementor-element-0dbcb63 elementor-align-justify elementor-widget elementor-widget-button\" data-id=\"0dbcb63\" data-element_type=\"widget\" data-e-type=\"widget\" data-widget_type=\"button.default\">\n\t\t\t\t\t\t\t\t\t\t<a class=\"elementor-button elementor-button-link elementor-size-sm\" href=\"https:\/\/dnmade-sepr.fr\/2326\/jenna\/crnl\/psychologue-du-travail\/\">\n\t\t\t\t\t\t<span class=\"elementor-button-content-wrapper\">\n\t\t\t\t\t\t<span class=\"elementor-button-icon\">\n\t\t\t\t<svg aria-hidden=\"true\" class=\"e-font-icon-svg e-far-arrow-alt-circle-right\" viewBox=\"0 0 512 512\" xmlns=\"http:\/\/www.w3.org\/2000\/svg\"><path d=\"M504 256C504 119 393 8 256 8S8 119 8 256s111 248 248 248 248-111 248-248zm-448 0c0-110.5 89.5-200 200-200s200 89.5 200 200-89.5 200-200 200S56 366.5 56 256zm72 20v-40c0-6.6 5.4-12 12-12h116v-67c0-10.7 12.9-16 20.5-8.5l99 99c4.7 4.7 4.7 12.3 0 17l-99 99c-7.6 7.6-20.5 2.2-20.5-8.5v-67H140c-6.6 0-12-5.4-12-12z\"><\/path><\/svg>\t\t\t<\/span>\n\t\t\t\t\t\t\t\t\t<span class=\"elementor-button-text\">Service social<\/span>\n\t\t\t\t\t<\/span>\n\t\t\t\t\t<\/a>\n\t\t\t\t\t\t\t\t<\/div>\n\t\t\t\t<\/div>\n\t\t\t\t<\/div>\n\t\t\t\t<\/div>\n\t\t<div class=\"elementor-element elementor-element-8e73208 e-con-full e-flex e-con e-child\" data-id=\"8e73208\" data-element_type=\"container\" data-e-type=\"container\">\n\t\t<div class=\"elementor-element elementor-element-424c729 e-grid e-con-full e-con e-child\" data-id=\"424c729\" data-element_type=\"container\" data-e-type=\"container\" data-settings=\"{&quot;background_background&quot;:&quot;classic&quot;}\">\n\t\t\t\t<div class=\"elementor-element elementor-element-3a45e54 elementor-widget elementor-widget-image\" data-id=\"3a45e54\" data-element_type=\"widget\" data-e-type=\"widget\" data-widget_type=\"image.default\">\n\t\t\t\t\t\t\t\t\t\t\t\t\t\t\t<img fetchpriority=\"high\" decoding=\"async\" width=\"1024\" height=\"1024\" src=\"https:\/\/dnmade-sepr.fr\/2326\/jenna\/crnl\/wp-content\/uploads\/2026\/03\/vecteezy_profile-icon-design-vector_5544718-1024x1024.jpg\" class=\"attachment-large size-large wp-image-52\" alt=\"\" srcset=\"https:\/\/dnmade-sepr.fr\/2326\/jenna\/crnl\/wp-content\/uploads\/2026\/03\/vecteezy_profile-icon-design-vector_5544718-1024x1024.jpg 1024w, https:\/\/dnmade-sepr.fr\/2326\/jenna\/crnl\/wp-content\/uploads\/2026\/03\/vecteezy_profile-icon-design-vector_5544718-300x300.jpg 300w, https:\/\/dnmade-sepr.fr\/2326\/jenna\/crnl\/wp-content\/uploads\/2026\/03\/vecteezy_profile-icon-design-vector_5544718-150x150.jpg 150w, https:\/\/dnmade-sepr.fr\/2326\/jenna\/crnl\/wp-content\/uploads\/2026\/03\/vecteezy_profile-icon-design-vector_5544718-768x768.jpg 768w, https:\/\/dnmade-sepr.fr\/2326\/jenna\/crnl\/wp-content\/uploads\/2026\/03\/vecteezy_profile-icon-design-vector_5544718-1536x1536.jpg 1536w, https:\/\/dnmade-sepr.fr\/2326\/jenna\/crnl\/wp-content\/uploads\/2026\/03\/vecteezy_profile-icon-design-vector_5544718.jpg 1920w\" sizes=\"(max-width: 1024px) 100vw, 1024px\" \/>\t\t\t\t\t\t\t\t\t\t\t\t\t\t\t<\/div>\n\t\t\t\t<div class=\"elementor-element elementor-element-c6f6e8b elementor-widget elementor-widget-image\" data-id=\"c6f6e8b\" data-element_type=\"widget\" data-e-type=\"widget\" data-widget_type=\"image.default\">\n\t\t\t\t\t\t\t\t\t\t\t\t\t\t\t<img decoding=\"async\" width=\"275\" height=\"118\" src=\"https:\/\/dnmade-sepr.fr\/2326\/jenna\/crnl\/wp-content\/uploads\/2026\/03\/Fichier-10.png\" class=\"attachment-large size-large wp-image-1146\" alt=\"\" \/>\t\t\t\t\t\t\t\t\t\t\t\t\t\t\t<\/div>\n\t\t\t\t<div class=\"elementor-element elementor-element-e07ea9e elementor-widget elementor-widget-image\" data-id=\"e07ea9e\" data-element_type=\"widget\" data-e-type=\"widget\" data-widget_type=\"image.default\">\n\t\t\t\t\t\t\t\t\t\t\t\t\t\t\t<img decoding=\"async\" width=\"274\" height=\"117\" src=\"https:\/\/dnmade-sepr.fr\/2326\/jenna\/crnl\/wp-content\/uploads\/2026\/03\/Fichier-8.png\" class=\"attachment-large size-large wp-image-1138\" alt=\"\" \/>\t\t\t\t\t\t\t\t\t\t\t\t\t\t\t<\/div>\n\t\t\t\t<div class=\"elementor-element elementor-element-b2d9706 elementor-widget elementor-widget-image\" data-id=\"b2d9706\" data-element_type=\"widget\" data-e-type=\"widget\" data-widget_type=\"image.default\">\n\t\t\t\t\t\t\t\t\t\t\t\t\t\t\t<img loading=\"lazy\" decoding=\"async\" width=\"1024\" height=\"1024\" src=\"https:\/\/dnmade-sepr.fr\/2326\/jenna\/crnl\/wp-content\/uploads\/2026\/03\/vecteezy_eye-icon-black-and-white-human-vision-symbol-on-clear_70160981-1024x1024.jpg\" class=\"attachment-large size-large wp-image-65\" alt=\"\" srcset=\"https:\/\/dnmade-sepr.fr\/2326\/jenna\/crnl\/wp-content\/uploads\/2026\/03\/vecteezy_eye-icon-black-and-white-human-vision-symbol-on-clear_70160981-1024x1024.jpg 1024w, https:\/\/dnmade-sepr.fr\/2326\/jenna\/crnl\/wp-content\/uploads\/2026\/03\/vecteezy_eye-icon-black-and-white-human-vision-symbol-on-clear_70160981-300x300.jpg 300w, https:\/\/dnmade-sepr.fr\/2326\/jenna\/crnl\/wp-content\/uploads\/2026\/03\/vecteezy_eye-icon-black-and-white-human-vision-symbol-on-clear_70160981-150x150.jpg 150w, https:\/\/dnmade-sepr.fr\/2326\/jenna\/crnl\/wp-content\/uploads\/2026\/03\/vecteezy_eye-icon-black-and-white-human-vision-symbol-on-clear_70160981-768x768.jpg 768w, https:\/\/dnmade-sepr.fr\/2326\/jenna\/crnl\/wp-content\/uploads\/2026\/03\/vecteezy_eye-icon-black-and-white-human-vision-symbol-on-clear_70160981-1536x1536.jpg 1536w, https:\/\/dnmade-sepr.fr\/2326\/jenna\/crnl\/wp-content\/uploads\/2026\/03\/vecteezy_eye-icon-black-and-white-human-vision-symbol-on-clear_70160981.jpg 1920w\" sizes=\"(max-width: 1024px) 100vw, 1024px\" \/>\t\t\t\t\t\t\t\t\t\t\t\t\t\t\t<\/div>\n\t\t\t\t<\/div>\n\t\t\t\t<\/div>\n\t\t\t\t<\/div>\n\t\t\t\t<\/div>\n\t\t\t\t<\/div>\n\t\t","protected":false},"excerpt":{"rendered":"<p>TUTELLES Cellule signalement M\u00e9diateur \/ m\u00e9diatrice M\u00e9decin du travail Services RH Psychologue du travail R\u00e9f\u00e9rents handicap Groupe ressource UCBL Correspondants [&hellip;]<\/p>\n","protected":false},"author":1,"featured_media":0,"parent":0,"menu_order":0,"comment_status":"closed","ping_status":"closed","template":"","meta":{"site-sidebar-layout":"no-sidebar","site-content-layout":"","ast-site-content-layout":"full-width-container","site-content-style":"default","site-sidebar-style":"default","ast-global-header-display":"","ast-banner-title-visibility":"","ast-main-header-display":"","ast-hfb-above-header-display":"","ast-hfb-below-header-display":"","ast-hfb-mobile-header-display":"","site-post-title":"","ast-breadcrumbs-content":"","ast-featured-img":"disabled","footer-sml-layout":"","ast-disable-related-posts":"","theme-transparent-header-meta":"default","adv-header-id-meta":"","stick-header-meta":"","header-above-stick-meta":"","header-main-stick-meta":"","header-below-stick-meta":"","astra-migrate-meta-layouts":"set","ast-page-background-enabled":"default","ast-page-background-meta":{"desktop":{"background-color":"var(--ast-global-color-5)","background-image":"","background-repeat":"repeat","background-position":"center center","background-size":"auto","background-attachment":"scroll","background-type":"","background-media":"","overlay-type":"","overlay-color":"","overlay-opacity":"","overlay-gradient":""},"tablet":{"background-color":"","background-image":"","background-repeat":"repeat","background-position":"center center","background-size":"auto","background-attachment":"scroll","background-type":"","background-media":"","overlay-type":"","overlay-color":"","overlay-opacity":"","overlay-gradient":""},"mobile":{"background-color":"","background-image":"","background-repeat":"repeat","background-position":"center center","background-size":"auto","background-attachment":"scroll","background-type":"","background-media":"","overlay-type":"","overlay-color":"","overlay-opacity":"","overlay-gradient":""}},"ast-content-background-meta":{"desktop":{"background-color":"var(--ast-global-color-4)","background-image":"","background-repeat":"repeat","background-position":"center center","background-size":"auto","background-attachment":"scroll","background-type":"","background-media":"","overlay-type":"","overlay-color":"","overlay-opacity":"","overlay-gradient":""},"tablet":{"background-color":"var(--ast-global-color-4)","background-image":"","background-repeat":"repeat","background-position":"center center","background-size":"auto","background-attachment":"scroll","background-type":"","background-media":"","overlay-type":"","overlay-color":"","overlay-opacity":"","overlay-gradient":""},"mobile":{"background-color":"var(--ast-global-color-4)","background-image":"","background-repeat":"repeat","background-position":"center center","background-size":"auto","background-attachment":"scroll","background-type":"","background-media":"","overlay-type":"","overlay-color":"","overlay-opacity":"","overlay-gradient":""}},"footnotes":""},"class_list":["post-493","page","type-page","status-publish","hentry"],"_links":{"self":[{"href":"https:\/\/dnmade-sepr.fr\/2326\/jenna\/crnl\/wp-json\/wp\/v2\/pages\/493","targetHints":{"allow":["GET"]}}],"collection":[{"href":"https:\/\/dnmade-sepr.fr\/2326\/jenna\/crnl\/wp-json\/wp\/v2\/pages"}],"about":[{"href":"https:\/\/dnmade-sepr.fr\/2326\/jenna\/crnl\/wp-json\/wp\/v2\/types\/page"}],"author":[{"embeddable":true,"href":"https:\/\/dnmade-sepr.fr\/2326\/jenna\/crnl\/wp-json\/wp\/v2\/users\/1"}],"replies":[{"embeddable":true,"href":"https:\/\/dnmade-sepr.fr\/2326\/jenna\/crnl\/wp-json\/wp\/v2\/comments?post=493"}],"version-history":[{"count":93,"href":"https:\/\/dnmade-sepr.fr\/2326\/jenna\/crnl\/wp-json\/wp\/v2\/pages\/493\/revisions"}],"predecessor-version":[{"id":3510,"href":"https:\/\/dnmade-sepr.fr\/2326\/jenna\/crnl\/wp-json\/wp\/v2\/pages\/493\/revisions\/3510"}],"wp:attachment":[{"href":"https:\/\/dnmade-sepr.fr\/2326\/jenna\/crnl\/wp-json\/wp\/v2\/media?parent=493"}],"curies":[{"name":"wp","href":"https:\/\/api.w.org\/{rel}","templated":true}]}}